{"id":7262,"date":"2025-05-29T04:54:17","date_gmt":"2025-05-29T04:54:17","guid":{"rendered":"https:\/\/myautoprestige.fr\/?post_type=product&#038;p=7262"},"modified":"2025-06-26T13:43:07","modified_gmt":"2025-06-26T13:43:07","slug":"ford-transit-custom-280-l1h1-2-0-ecoblue-130-trend-business-7cv","status":"publish","type":"product","link":"https:\/\/myautoprestige.fr\/index.php\/produit\/ford-transit-custom-280-l1h1-2-0-ecoblue-130-trend-business-7cv\/","title":{"rendered":"FORD Transit Custom 280 L1H1 2.0 EcoBlue 130 Trend Business 7cv"},"content":{"rendered":"<p>Fourgon, 7cv<br \/>\nVoir contr\u00f4le technique en photographie (d\u00e9faillances mineures) &#8211; Avec barres de toit pliantes, 2 cl\u00e9s et original de carte grise &#8211; Cache trappe \u00e0 essence manquant<\/p>\n<p>Marque :\u00a0FORD<br \/>\nCouleur :\u00a0Blanc<br \/>\nMod\u00e8le :\u00a0TRANSIT CUSTOM<br \/>\nKilom\u00e9trage :\u00a055 809 km<br \/>\nBo\u00eete de vitesse :\u00a0Manuelle<br \/>\nAnn\u00e9e :\u00a02021<br \/>\nPrix TTC :\u00a018 000 \u20ac<br \/>\nPuissance Fiscale :\u00a07 CV<br \/>\nType de v\u00e9hicule :\u00a0Utilitaire<br \/>\nCertificat CRIT&rsquo;AIR :\u00a0NIVEAU 2<br \/>\nCo2 :\u00a0208 g\/Km<br \/>\nPuissance R\u00e9elle :\u00a0131 Ch din<br \/>\nType :\u00a0V\u00e9hicule utilitaire<br \/>\nCarburant :\u00a0Diesel<br \/>\nPortes :\u00a04 portes<br \/>\nPlaces :\u00a03 places<br \/>\nGarantie :\u00a012 mois pi\u00e8ces et main d&rsquo;\u0153uvre<br \/>\nMise en circulation :\u00a0 21 octobre 2021<br \/>\nV\u00e9hicule \u00e0 nettoyer avant la livraison<br \/>\nPr\u00eat pour la livraison<br \/>\nNous recommandons toujours \u00e0 nos clients d&rsquo;inspecter \u00e9quipements et machines d&rsquo;occasion \u00e0 la livraison.<br \/>\nNos machines, camions, bus et \u00e9quipements ne sont pas vendus avec un rapport d&rsquo;\u00e9tat. Dans le texte de l&rsquo;annonce, nous fournirons des informations sur toutes les informations dont nous disposons \u00e0 tout moment, mais n&rsquo;h\u00e9sitez pas \u00e0 nous contacter pour des informations suppl\u00e9mentaires.<br \/>\nEn principe, nous n&rsquo;acceptons pas les \u00e9changes.<br \/>\nVous recherchez d&rsquo;autres \u00e9quipements ?<br \/>\nNous pouvons vous aider \u00e0 trouver des pelles sur chenilles d&rsquo;occasion, des mini-pelles d&rsquo;occasion, des chargeuses sur pneus d&rsquo;occasion, des compacteurs monocylindres d&rsquo;occasion, des nacelles t\u00e9lescopiques d&rsquo;occasion, des nacelles articul\u00e9es d&rsquo;occasion, des nacelles \u00e0 ciseaux d&rsquo;occasion, des chariots \u00e9l\u00e9vateurs t\u00e9lescopiques d&rsquo;occasion, des concasseurs d&rsquo;occasion, des cribleurs d&rsquo;occasion et bien plus encore. Notre stock comprend des marques leaders telles que : Caterpillar, Komatsu, Liebherr, Hitachi, Volvo, Case, Doosan, Bomag, Hamm, Dynapac, Manitou, Wirtgen et bien plus encore !<br \/>\nPS: SI VOUS VOULEZ UN V\u00c9HICULE PARTICULIER, NOUS POUVONS VOUS FAIRE UNE RECHERCHE PERSONNALIS\u00c8E<\/p>\n","protected":false},"excerpt":{"rendered":"<p>Ce v\u00e9hicule est un V\u00c9HICULE UTILITAIRE, il comporte 3 places uniquement<br \/>\nCarburation\u00a0 Diesel<br \/>\nKilom\u00e9trage\u00a0 \u00a0\u00a0 55 809 km<br \/>\nDate de la premi\u00e8re mise en circulation\u00a0 \u00a0 21 octobre 2021<br \/>\nBoite de vitesse\u00a0 \u00a0Manuelle<\/p>\n","protected":false},"featured_media":7263,"comment_status":"open","ping_status":"closed","template":"","meta":[],"product_brand":[],"product_cat":[21],"product_tag":[],"class_list":{"0":"post-7262","1":"product","2":"type-product","3":"status-publish","4":"has-post-thumbnail","6":"product_cat-accessories","8":"first","9":"instock","10":"shipping-taxable","11":"purchasable","12":"product-type-simple"},"yoast_head":"<!-- This site is optimized with the Yoast SEO plugin v25.1 - https:\/\/yoast.com\/wordpress\/plugins\/seo\/ -->\n<title>FORD Transit Custom 280 L1H1 2.0 EcoBlue 130 Trend Business 7cv - Top Of The World<\/title>\n<meta name=\"robots\" content=\"index, follow, max-snippet:-1, max-image-preview:large, max-video-preview:-1\" \/>\n<link rel=\"canonical\" href=\"https:\/\/myautoprestige.fr\/index.php\/produit\/ford-transit-custom-280-l1h1-2-0-ecoblue-130-trend-business-7cv\/\" \/>\n<meta property=\"og:locale\" content=\"fr_FR\" \/>\n<meta property=\"og:type\" content=\"article\" \/>\n<meta property=\"og:title\" content=\"FORD Transit Custom 280 L1H1 2.0 EcoBlue 130 Trend Business 7cv - Top Of The World\" \/>\n<meta property=\"og:description\" content=\"Ce v\u00e9hicule est un V\u00c9HICULE UTILITAIRE, il comporte 3 places uniquement Carburation\u00a0 Diesel Kilom\u00e9trage\u00a0 \u00a0\u00a0 55 809 km Date de la premi\u00e8re mise en circulation\u00a0 \u00a0 21 octobre 2021 Boite de vitesse\u00a0 \u00a0Manuelle\" \/>\n<meta property=\"og:url\" content=\"https:\/\/myautoprestige.fr\/index.php\/produit\/ford-transit-custom-280-l1h1-2-0-ecoblue-130-trend-business-7cv\/\" \/>\n<meta property=\"og:site_name\" content=\"Top Of The World\" \/>\n<meta property=\"article:modified_time\" content=\"2025-06-26T13:43:07+00:00\" \/>\n<meta property=\"og:image\" content=\"https:\/\/myautoprestige.fr\/wp-content\/uploads\/2025\/05\/FORD-Transit-Custom-280-L1H1-2.0-EcoBlue-130-Trend-Business-7cv.webp\" \/>\n\t<meta property=\"og:image:width\" content=\"1024\" \/>\n\t<meta property=\"og:image:height\" content=\"768\" \/>\n\t<meta property=\"og:image:type\" content=\"image\/webp\" \/>\n<meta name=\"twitter:card\" content=\"summary_large_image\" \/>\n<meta name=\"twitter:label1\" content=\"Dur\u00e9e de lecture estim\u00e9e\" \/>\n\t<meta name=\"twitter:data1\" content=\"2 minutes\" \/>\n<script type=\"application\/ld+json\" class=\"yoast-schema-graph\">{\"@context\":\"https:\/\/schema.org\",\"@graph\":[{\"@type\":\"WebPage\",\"@id\":\"https:\/\/myautoprestige.fr\/index.php\/produit\/ford-transit-custom-280-l1h1-2-0-ecoblue-130-trend-business-7cv\/\",\"url\":\"https:\/\/myautoprestige.fr\/index.php\/produit\/ford-transit-custom-280-l1h1-2-0-ecoblue-130-trend-business-7cv\/\",\"name\":\"FORD Transit Custom 280 L1H1 2.0 EcoBlue 130 Trend Business 7cv - Top Of The World\",\"isPartOf\":{\"@id\":\"https:\/\/myautoprestige.fr\/#website\"},\"primaryImageOfPage\":{\"@id\":\"https:\/\/myautoprestige.fr\/index.php\/produit\/ford-transit-custom-280-l1h1-2-0-ecoblue-130-trend-business-7cv\/#primaryimage\"},\"image\":{\"@id\":\"https:\/\/myautoprestige.fr\/index.php\/produit\/ford-transit-custom-280-l1h1-2-0-ecoblue-130-trend-business-7cv\/#primaryimage\"},\"thumbnailUrl\":\"https:\/\/myautoprestige.fr\/wp-content\/uploads\/2025\/05\/FORD-Transit-Custom-280-L1H1-2.0-EcoBlue-130-Trend-Business-7cv.webp\",\"datePublished\":\"2025-05-29T04:54:17+00:00\",\"dateModified\":\"2025-06-26T13:43:07+00:00\",\"breadcrumb\":{\"@id\":\"https:\/\/myautoprestige.fr\/index.php\/produit\/ford-transit-custom-280-l1h1-2-0-ecoblue-130-trend-business-7cv\/#breadcrumb\"},\"inLanguage\":\"fr-FR\",\"potentialAction\":[{\"@type\":\"ReadAction\",\"target\":[\"https:\/\/myautoprestige.fr\/index.php\/produit\/ford-transit-custom-280-l1h1-2-0-ecoblue-130-trend-business-7cv\/\"]}]},{\"@type\":\"ImageObject\",\"inLanguage\":\"fr-FR\",\"@id\":\"https:\/\/myautoprestige.fr\/index.php\/produit\/ford-transit-custom-280-l1h1-2-0-ecoblue-130-trend-business-7cv\/#primaryimage\",\"url\":\"https:\/\/myautoprestige.fr\/wp-content\/uploads\/2025\/05\/FORD-Transit-Custom-280-L1H1-2.0-EcoBlue-130-Trend-Business-7cv.webp\",\"contentUrl\":\"https:\/\/myautoprestige.fr\/wp-content\/uploads\/2025\/05\/FORD-Transit-Custom-280-L1H1-2.0-EcoBlue-130-Trend-Business-7cv.webp\",\"width\":1024,\"height\":768},{\"@type\":\"BreadcrumbList\",\"@id\":\"https:\/\/myautoprestige.fr\/index.php\/produit\/ford-transit-custom-280-l1h1-2-0-ecoblue-130-trend-business-7cv\/#breadcrumb\",\"itemListElement\":[{\"@type\":\"ListItem\",\"position\":1,\"name\":\"Accueil\",\"item\":\"https:\/\/myautoprestige.fr\/\"},{\"@type\":\"ListItem\",\"position\":2,\"name\":\"Boutique\",\"item\":\"https:\/\/myautoprestige.fr\/index.php\/boutique\/\"},{\"@type\":\"ListItem\",\"position\":3,\"name\":\"FORD Transit Custom 280 L1H1 2.0 EcoBlue 130 Trend Business 7cv\"}]},{\"@type\":\"WebSite\",\"@id\":\"https:\/\/myautoprestige.fr\/#website\",\"url\":\"https:\/\/myautoprestige.fr\/\",\"name\":\"Top Of The World\",\"description\":\"\",\"potentialAction\":[{\"@type\":\"SearchAction\",\"target\":{\"@type\":\"EntryPoint\",\"urlTemplate\":\"https:\/\/myautoprestige.fr\/?s={search_term_string}\"},\"query-input\":{\"@type\":\"PropertyValueSpecification\",\"valueRequired\":true,\"valueName\":\"search_term_string\"}}],\"inLanguage\":\"fr-FR\"}]}<\/script>\n<!-- \/ Yoast SEO plugin. -->","yoast_head_json":{"title":"FORD Transit Custom 280 L1H1 2.0 EcoBlue 130 Trend Business 7cv - Top Of The World","robots":{"index":"index","follow":"follow","max-snippet":"max-snippet:-1","max-image-preview":"max-image-preview:large","max-video-preview":"max-video-preview:-1"},"canonical":"https:\/\/myautoprestige.fr\/index.php\/produit\/ford-transit-custom-280-l1h1-2-0-ecoblue-130-trend-business-7cv\/","og_locale":"fr_FR","og_type":"article","og_title":"FORD Transit Custom 280 L1H1 2.0 EcoBlue 130 Trend Business 7cv - Top Of The World","og_description":"Ce v\u00e9hicule est un V\u00c9HICULE UTILITAIRE, il comporte 3 places uniquement Carburation\u00a0 Diesel Kilom\u00e9trage\u00a0 \u00a0\u00a0 55 809 km Date de la premi\u00e8re mise en circulation\u00a0 \u00a0 21 octobre 2021 Boite de vitesse\u00a0 \u00a0Manuelle","og_url":"https:\/\/myautoprestige.fr\/index.php\/produit\/ford-transit-custom-280-l1h1-2-0-ecoblue-130-trend-business-7cv\/","og_site_name":"Top Of The World","article_modified_time":"2025-06-26T13:43:07+00:00","og_image":[{"width":1024,"height":768,"url":"https:\/\/myautoprestige.fr\/wp-content\/uploads\/2025\/05\/FORD-Transit-Custom-280-L1H1-2.0-EcoBlue-130-Trend-Business-7cv.webp","type":"image\/webp"}],"twitter_card":"summary_large_image","twitter_misc":{"Dur\u00e9e de lecture estim\u00e9e":"2 minutes"},"schema":{"@context":"https:\/\/schema.org","@graph":[{"@type":"WebPage","@id":"https:\/\/myautoprestige.fr\/index.php\/produit\/ford-transit-custom-280-l1h1-2-0-ecoblue-130-trend-business-7cv\/","url":"https:\/\/myautoprestige.fr\/index.php\/produit\/ford-transit-custom-280-l1h1-2-0-ecoblue-130-trend-business-7cv\/","name":"FORD Transit Custom 280 L1H1 2.0 EcoBlue 130 Trend Business 7cv - Top Of The World","isPartOf":{"@id":"https:\/\/myautoprestige.fr\/#website"},"primaryImageOfPage":{"@id":"https:\/\/myautoprestige.fr\/index.php\/produit\/ford-transit-custom-280-l1h1-2-0-ecoblue-130-trend-business-7cv\/#primaryimage"},"image":{"@id":"https:\/\/myautoprestige.fr\/index.php\/produit\/ford-transit-custom-280-l1h1-2-0-ecoblue-130-trend-business-7cv\/#primaryimage"},"thumbnailUrl":"https:\/\/myautoprestige.fr\/wp-content\/uploads\/2025\/05\/FORD-Transit-Custom-280-L1H1-2.0-EcoBlue-130-Trend-Business-7cv.webp","datePublished":"2025-05-29T04:54:17+00:00","dateModified":"2025-06-26T13:43:07+00:00","breadcrumb":{"@id":"https:\/\/myautoprestige.fr\/index.php\/produit\/ford-transit-custom-280-l1h1-2-0-ecoblue-130-trend-business-7cv\/#breadcrumb"},"inLanguage":"fr-FR","potentialAction":[{"@type":"ReadAction","target":["https:\/\/myautoprestige.fr\/index.php\/produit\/ford-transit-custom-280-l1h1-2-0-ecoblue-130-trend-business-7cv\/"]}]},{"@type":"ImageObject","inLanguage":"fr-FR","@id":"https:\/\/myautoprestige.fr\/index.php\/produit\/ford-transit-custom-280-l1h1-2-0-ecoblue-130-trend-business-7cv\/#primaryimage","url":"https:\/\/myautoprestige.fr\/wp-content\/uploads\/2025\/05\/FORD-Transit-Custom-280-L1H1-2.0-EcoBlue-130-Trend-Business-7cv.webp","contentUrl":"https:\/\/myautoprestige.fr\/wp-content\/uploads\/2025\/05\/FORD-Transit-Custom-280-L1H1-2.0-EcoBlue-130-Trend-Business-7cv.webp","width":1024,"height":768},{"@type":"BreadcrumbList","@id":"https:\/\/myautoprestige.fr\/index.php\/produit\/ford-transit-custom-280-l1h1-2-0-ecoblue-130-trend-business-7cv\/#breadcrumb","itemListElement":[{"@type":"ListItem","position":1,"name":"Accueil","item":"https:\/\/myautoprestige.fr\/"},{"@type":"ListItem","position":2,"name":"Boutique","item":"https:\/\/myautoprestige.fr\/index.php\/boutique\/"},{"@type":"ListItem","position":3,"name":"FORD Transit Custom 280 L1H1 2.0 EcoBlue 130 Trend Business 7cv"}]},{"@type":"WebSite","@id":"https:\/\/myautoprestige.fr\/#website","url":"https:\/\/myautoprestige.fr\/","name":"Top Of The World","description":"","potentialAction":[{"@type":"SearchAction","target":{"@type":"EntryPoint","urlTemplate":"https:\/\/myautoprestige.fr\/?s={search_term_string}"},"query-input":{"@type":"PropertyValueSpecification","valueRequired":true,"valueName":"search_term_string"}}],"inLanguage":"fr-FR"}]}},"_links":{"self":[{"href":"https:\/\/myautoprestige.fr\/index.php\/wp-json\/wp\/v2\/product\/7262","targetHints":{"allow":["GET"]}}],"collection":[{"href":"https:\/\/myautoprestige.fr\/index.php\/wp-json\/wp\/v2\/product"}],"about":[{"href":"https:\/\/myautoprestige.fr\/index.php\/wp-json\/wp\/v2\/types\/product"}],"replies":[{"embeddable":true,"href":"https:\/\/myautoprestige.fr\/index.php\/wp-json\/wp\/v2\/comments?post=7262"}],"wp:featuredmedia":[{"embeddable":true,"href":"https:\/\/myautoprestige.fr\/index.php\/wp-json\/wp\/v2\/media\/7263"}],"wp:attachment":[{"href":"https:\/\/myautoprestige.fr\/index.php\/wp-json\/wp\/v2\/media?parent=7262"}],"wp:term":[{"taxonomy":"product_brand","embeddable":true,"href":"https:\/\/myautoprestige.fr\/index.php\/wp-json\/wp\/v2\/product_brand?post=7262"},{"taxonomy":"product_cat","embeddable":true,"href":"https:\/\/myautoprestige.fr\/index.php\/wp-json\/wp\/v2\/product_cat?post=7262"},{"taxonomy":"product_tag","embeddable":true,"href":"https:\/\/myautoprestige.fr\/index.php\/wp-json\/wp\/v2\/product_tag?post=7262"}],"curies":[{"name":"wp","href":"https:\/\/api.w.org\/{rel}","templated":true}]}}