{"id":9,"date":"2025-05-22T17:39:32","date_gmt":"2025-05-22T17:39:32","guid":{"rendered":"https:\/\/myautoprestige.fr\/index.php\/panier\/"},"modified":"2025-05-29T12:22:17","modified_gmt":"2025-05-29T12:22:17","slug":"panier","status":"publish","type":"page","link":"https:\/\/myautoprestige.fr\/index.php\/panier\/","title":{"rendered":"Panier"},"content":{"rendered":"\n<div class=\"wpcf7 no-js\" id=\"wpcf7-f7103-o1\" lang=\"fr-FR\" dir=\"ltr\" data-wpcf7-id=\"7103\">\n<div class=\"screen-reader-response\"><p role=\"status\" aria-live=\"polite\" aria-atomic=\"true\"><\/p> <ul><\/ul><\/div>\n<form action=\"\/index.php\/wp-json\/wp\/v2\/pages\/9#wpcf7-f7103-o1\" method=\"post\" class=\"wpcf7-form init\" aria-label=\"Formulaire de contact\" enctype=\"multipart\/form-data\" novalidate=\"novalidate\" data-status=\"init\">\n<div style=\"display: none;\">\n<input type=\"hidden\" name=\"_wpcf7\" value=\"7103\" \/>\n<input type=\"hidden\" name=\"_wpcf7_version\" value=\"6.0.6\" \/>\n<input type=\"hidden\" name=\"_wpcf7_locale\" value=\"fr_FR\" \/>\n<input type=\"hidden\" name=\"_wpcf7_unit_tag\" value=\"wpcf7-f7103-o1\" \/>\n<input type=\"hidden\" name=\"_wpcf7_container_post\" value=\"0\" \/>\n<input type=\"hidden\" name=\"_wpcf7_posted_data_hash\" value=\"\" \/>\n<\/div>\n<p><label> Marque<br \/>\n<span class=\"wpcf7-form-control-wrap\" data-name=\"marque\"><input size=\"40\" maxlength=\"400\" class=\"wpcf7-form-control wpcf7-text\" autocomplete=\"marque\" aria-invalid=\"false\" value=\"\" type=\"text\" name=\"marque\" \/><\/span> <\/label>\n<\/p>\n<p><label> Puissance<br \/>\n<span class=\"wpcf7-form-control-wrap\" data-name=\"puissance\"><select class=\"wpcf7-form-control wpcf7-select\" aria-invalid=\"false\" name=\"puissance\"><option value=\"Moins de 80\">Moins de 80<\/option><option value=\"70-100\">70-100<\/option><option value=\"90-120\">90-120<\/option><option value=\"110-140\">110-140<\/option><option value=\"130-160\">130-160<\/option><option value=\"150-200\">150-200<\/option><option value=\"180-250\">180-250<\/option><option value=\"250-300\">250-300<\/option><option value=\"Plus de 300\">Plus de 300<\/option><option value=\"Non renseign\u00e9\">Non renseign\u00e9<\/option><\/select><\/span> <\/label>\n<\/p>\n<p><label> Transmission<br \/>\n<span class=\"wpcf7-form-control-wrap\" data-name=\"transmission\"><select class=\"wpcf7-form-control wpcf7-select\" aria-invalid=\"false\" name=\"transmission\"><option value=\"Non renseign\u00e9\">Non renseign\u00e9<\/option><option value=\"M\u00e9canique\">M\u00e9canique<\/option><option value=\"HI-low (Doubleur)\">HI-low (Doubleur)<\/option><option value=\"Semi-power Shift\">Semi-power Shift<\/option><option value=\"Power shift\">Power shift<\/option><option value=\"Variation continue\">Variation continue<\/option><\/select><\/span> <\/label>\n<\/p>\n<p><label> Equipement<br \/>\n<span class=\"wpcf7-form-control-wrap\" data-name=\"equipement\"><span class=\"wpcf7-form-control wpcf7-checkbox\"><span class=\"wpcf7-list-item first\"><label><input type=\"checkbox\" name=\"equipement[]\" value=\"Rel AV\" \/><span class=\"wpcf7-list-item-label\">Rel AV<\/span><\/label><\/span><span class=\"wpcf7-list-item\"><label><input type=\"checkbox\" name=\"equipement[]\" value=\"PdF AV\" \/><span class=\"wpcf7-list-item-label\">PdF AV<\/span><\/label><\/span><span class=\"wpcf7-list-item\"><label><input type=\"checkbox\" name=\"equipement[]\" value=\"Chargeur\" \/><span class=\"wpcf7-list-item-label\">Chargeur<\/span><\/label><\/span><span class=\"wpcf7-list-item\"><label><input type=\"checkbox\" name=\"equipement[]\" value=\"Arceau\" \/><span class=\"wpcf7-list-item-label\">Arceau<\/span><\/label><\/span><span class=\"wpcf7-list-item\"><label><input type=\"checkbox\" name=\"equipement[]\" value=\"Cabine suspendue\" \/><span class=\"wpcf7-list-item-label\">Cabine suspendue<\/span><\/label><\/span><span class=\"wpcf7-list-item\"><label><input type=\"checkbox\" name=\"equipement[]\" value=\"Frein pneumatique\" \/><span class=\"wpcf7-list-item-label\">Frein pneumatique<\/span><\/label><\/span><span class=\"wpcf7-list-item\"><label><input type=\"checkbox\" name=\"equipement[]\" value=\"GPS\" \/><span class=\"wpcf7-list-item-label\">GPS<\/span><\/label><\/span><span class=\"wpcf7-list-item\"><label><input type=\"checkbox\" name=\"equipement[]\" value=\"Pr\u00e9disposition GPS\" \/><span class=\"wpcf7-list-item-label\">Pr\u00e9disposition GPS<\/span><\/label><\/span><span class=\"wpcf7-list-item\"><label><input type=\"checkbox\" name=\"equipement[]\" value=\"Vitesses rampantes\" \/><span class=\"wpcf7-list-item-label\">Vitesses rampantes<\/span><\/label><\/span><span class=\"wpcf7-list-item\"><label><input type=\"checkbox\" name=\"equipement[]\" value=\"Poste invers\u00e9\" \/><span class=\"wpcf7-list-item-label\">Poste invers\u00e9<\/span><\/label><\/span><span class=\"wpcf7-list-item last\"><label><input type=\"checkbox\" name=\"equipement[]\" value=\"Pont avant suspendu\" \/><span class=\"wpcf7-list-item-label\">Pont avant suspendu<\/span><\/label><\/span><\/span><\/span> <\/label>\n<\/p>\n<p><label> Votre e-mail<br \/>\n<span class=\"wpcf7-form-control-wrap\" data-name=\"your-email\"><input size=\"40\" maxlength=\"400\" class=\"wpcf7-form-control wpcf7-email wpcf7-validates-as-required wpcf7-text wpcf7-validates-as-email\" autocomplete=\"email\" aria-required=\"true\" aria-invalid=\"false\" value=\"\" type=\"email\" name=\"your-email\" \/><\/span> <\/label>\n<\/p>\n<p><label> Votre nom<br \/>\n<span class=\"wpcf7-form-control-wrap\" data-name=\"nom\"><input size=\"40\" maxlength=\"400\" class=\"wpcf7-form-control wpcf7-text wpcf7-validates-as-required\" autocomplete=\"nom\" aria-required=\"true\" aria-invalid=\"false\" value=\"\" type=\"text\" name=\"nom\" \/><\/span> <\/label>\n<\/p>\n<p><label> Raison sociale<br \/>\n<span class=\"wpcf7-form-control-wrap\" data-name=\"raison-sociale\"><input size=\"40\" maxlength=\"400\" class=\"wpcf7-form-control wpcf7-text\" autocomplete=\"raison\" aria-invalid=\"false\" value=\"\" type=\"text\" name=\"raison-sociale\" \/><\/span> <\/label>\n<\/p>\n<p><label> Adresse<br \/>\n<span class=\"wpcf7-form-control-wrap\" data-name=\"adresse\"><input size=\"40\" maxlength=\"400\" class=\"wpcf7-form-control wpcf7-text wpcf7-validates-as-required\" aria-required=\"true\" aria-invalid=\"false\" value=\"\" type=\"text\" name=\"adresse\" \/><\/span> <\/label>\n<\/p>\n<p><label> T\u00e9l\u00e9phone<br \/>\n<span class=\"wpcf7-form-control-wrap\" data-name=\"telephone\"><input size=\"40\" maxlength=\"400\" class=\"wpcf7-form-control wpcf7-text wpcf7-validates-as-required\" aria-required=\"true\" aria-invalid=\"false\" value=\"\" type=\"text\" name=\"telephone\" \/><\/span> <\/label>\n<\/p>\n<p><label> Pi\u00e8ces jointes<br \/>\n<span class=\"wpcf7-form-control-wrap\" data-name=\"piece-jointe\"><input size=\"40\" class=\"wpcf7-form-control wpcf7-file\" accept=\"audio\/*,video\/*,image\/*\" aria-invalid=\"false\" type=\"file\" name=\"piece-jointe\" \/><\/span> <\/label>\n<\/p>\n<p><label> Sujet<br \/>\n<span class=\"wpcf7-form-control-wrap\" data-name=\"sujet\"><input size=\"40\" maxlength=\"400\" class=\"wpcf7-form-control wpcf7-text\" aria-invalid=\"false\" value=\"\" type=\"text\" name=\"sujet\" \/><\/span> <\/label>\n<\/p>\n<p><label> Votre message (facultatif)<br \/>\n<span class=\"wpcf7-form-control-wrap\" data-name=\"your-message\"><textarea cols=\"40\" rows=\"10\" maxlength=\"2000\" class=\"wpcf7-form-control wpcf7-textarea\" aria-invalid=\"false\" name=\"your-message\"><\/textarea><\/span> <\/label>\n<\/p>\n<p><input class=\"wpcf7-form-control wpcf7-submit has-spinner\" type=\"submit\" value=\"Soumettre\" \/>\n<\/p><div class=\"wpcf7-response-output\" aria-hidden=\"true\"><\/div>\n<\/form>\n<\/div>\n<div data-block-name=\"woocommerce\/cart\" class=\"wp-block-woocommerce-cart alignwide is-loading\"><div data-block-name=\"woocommerce\/filled-cart-block\" class=\"wp-block-woocommerce-filled-cart-block\"><div data-block-name=\"woocommerce\/cart-items-block\" class=\"wp-block-woocommerce-cart-items-block\"><div data-block-name=\"woocommerce\/cart-line-items-block\" class=\"wp-block-woocommerce-cart-line-items-block\">\u00a0<\/div>\r\n\r\n<div data-block-name=\"woocommerce\/cart-cross-sells-block\" class=\"wp-block-woocommerce-cart-cross-sells-block\"><h2 class=\"wp-block-heading has-large-font-size\">\u00c7a peut vous int\u00e9resser&#8230;<\/h2>\r\n\r\n<div data-block-name=\"woocommerce\/cart-cross-sells-products-block\" class=\"wp-block-woocommerce-cart-cross-sells-products-block\">\u00a0<\/div><\/div><\/div>\r\n\r\n<div data-block-name=\"woocommerce\/cart-totals-block\" class=\"wp-block-woocommerce-cart-totals-block\"><div data-block-name=\"woocommerce\/cart-order-summary-block\" class=\"wp-block-woocommerce-cart-order-summary-block\"><div data-block-name=\"woocommerce\/cart-order-summary-heading-block\" class=\"wp-block-woocommerce-cart-order-summary-heading-block\">\u00a0<\/div>\r\n\r\n<div data-block-name=\"woocommerce\/cart-order-summary-coupon-form-block\" class=\"wp-block-woocommerce-cart-order-summary-coupon-form-block\">\u00a0<\/div>\r\n\r\n\r\n\r\n\r\n\r\n\r\n\r\n\r\n\r\n<div data-block-name=\"woocommerce\/cart-order-summary-totals-block\" class=\"wp-block-woocommerce-cart-order-summary-totals-block\">\n<div data-block-name=\"woocommerce\/cart-order-summary-subtotal-block\" class=\"wp-block-woocommerce-cart-order-summary-subtotal-block\">\u00a0<\/div>\n<div data-block-name=\"woocommerce\/cart-order-summary-discount-block\" class=\"wp-block-woocommerce-cart-order-summary-discount-block\">\u00a0<\/div>\n<div data-block-name=\"woocommerce\/cart-order-summary-fee-block\" class=\"wp-block-woocommerce-cart-order-summary-fee-block\">\u00a0<\/div>\n<div data-block-name=\"woocommerce\/cart-order-summary-shipping-block\" class=\"wp-block-woocommerce-cart-order-summary-shipping-block\">\u00a0<\/div>\n<div data-block-name=\"woocommerce\/cart-order-summary-taxes-block\" class=\"wp-block-woocommerce-cart-order-summary-taxes-block\">\u00a0<\/div><\/div><\/div>\r\n\r\n<div data-block-name=\"woocommerce\/cart-express-payment-block\" class=\"wp-block-woocommerce-cart-express-payment-block\">\u00a0<\/div>\r\n\r\n<div data-block-name=\"woocommerce\/proceed-to-checkout-block\" class=\"wp-block-woocommerce-proceed-to-checkout-block\">\u00a0<\/div>\r\n\r\n<div data-block-name=\"woocommerce\/cart-accepted-payment-methods-block\" class=\"wp-block-woocommerce-cart-accepted-payment-methods-block\">\u00a0<\/div><\/div><\/div>\r\n\r\n<div data-block-name=\"woocommerce\/empty-cart-block\" class=\"wp-block-woocommerce-empty-cart-block\"><h2 class=\"wp-block-heading has-text-align-center with-empty-cart-icon wc-block-cart__empty-cart__title\">Votre panier est actuellement vide\u00a0!<\/h2>\r\n\r\n<hr class=\"wp-block-separator has-alpha-channel-opacity is-style-dots\" \/>\r\n\r\n<h2 class=\"wp-block-heading has-text-align-center\">Nouveau dans la boutique<\/h2>\r\n\r\n<div data-block-name=\"woocommerce\/product-new\" data-columns=\"4\" data-rows=\"1\" class=\"wc-block-grid wp-block-product-new wp-block-woocommerce-product-new wc-block-product-new has-4-columns\"><ul class=\"wc-block-grid__products\"><li class=\"wc-block-grid__product\">\n\t\t\t\t<a href=\"https:\/\/myautoprestige.fr\/index.php\/produit\/simca-p60-ranch\/\" class=\"wc-block-grid__product-link\">\n\t\t\t\t\t\n\t\t\t\t\t<div class=\"wc-block-grid__product-image\"><img loading=\"lazy\" decoding=\"async\" width=\"430\" height=\"287\" src=\"https:\/\/myautoprestige.fr\/wp-content\/uploads\/2025\/10\/3-SIMCA-P60-Ranch-1963-430x287.webp\" class=\"attachment-woocommerce_thumbnail size-woocommerce_thumbnail\" alt=\"Simca P60 Ranch\" srcset=\"https:\/\/myautoprestige.fr\/wp-content\/uploads\/2025\/10\/3-SIMCA-P60-Ranch-1963-430x287.webp 430w, https:\/\/myautoprestige.fr\/wp-content\/uploads\/2025\/10\/3-SIMCA-P60-Ranch-1963-400x267.webp 400w, https:\/\/myautoprestige.fr\/wp-content\/uploads\/2025\/10\/3-SIMCA-P60-Ranch-1963-1200x800.webp 1200w, https:\/\/myautoprestige.fr\/wp-content\/uploads\/2025\/10\/3-SIMCA-P60-Ranch-1963-768x512.webp 768w, https:\/\/myautoprestige.fr\/wp-content\/uploads\/2025\/10\/3-SIMCA-P60-Ranch-1963-1536x1024.webp 1536w, https:\/\/myautoprestige.fr\/wp-content\/uploads\/2025\/10\/3-SIMCA-P60-Ranch-1963-2048x1365.webp 2048w, https:\/\/myautoprestige.fr\/wp-content\/uploads\/2025\/10\/3-SIMCA-P60-Ranch-1963-860x573.webp 860w, https:\/\/myautoprestige.fr\/wp-content\/uploads\/2025\/10\/3-SIMCA-P60-Ranch-1963-700x467.webp 700w, https:\/\/myautoprestige.fr\/wp-content\/uploads\/2025\/10\/3-SIMCA-P60-Ranch-1963-150x100.webp 150w\" sizes=\"auto, (max-width: 430px) 100vw, 430px\" \/><\/div>\n\t\t\t\t\t<div class=\"wc-block-grid__product-title\">Simca P60 Ranch<\/div>\n\t\t\t\t<\/a>\n\t\t\t\t<div class=\"wc-block-grid__product-price price\"><span class=\"woocommerce-Price-amount amount\">8 500,00&nbsp;<span class=\"woocommerce-Price-currencySymbol\">&euro;<\/span><\/span><\/div>\n\t\t\t\t\n\t\t\t\t<div class=\"wp-block-button wc-block-grid__product-add-to-cart\"><a href=\"?add-to-cart=7693\" aria-label=\"Ajouter au panier\u00a0: &ldquo;Simca P60 Ranch&rdquo;\" data-quantity=\"1\" data-product_id=\"7693\" data-product_sku=\"\" data-price=\"8500\" rel=\"nofollow\" class=\"wp-block-button__link  add_to_cart_button ajax_add_to_cart\">Demander un devis<\/a><\/div>\n\t\t\t<\/li><li class=\"wc-block-grid__product\">\n\t\t\t\t<a href=\"https:\/\/myautoprestige.fr\/index.php\/produit\/citroen-ds-23-ie-pallas-1973\/\" class=\"wc-block-grid__product-link\">\n\t\t\t\t\t\n\t\t\t\t\t<div class=\"wc-block-grid__product-image\"><img loading=\"lazy\" decoding=\"async\" width=\"430\" height=\"286\" src=\"https:\/\/myautoprestige.fr\/wp-content\/uploads\/2025\/10\/7-CITROEN-DS-23-IE-Pallas-1973-430x286.webp\" class=\"attachment-woocommerce_thumbnail size-woocommerce_thumbnail\" alt=\"CITRO\u00cbN DS 23 IE Pallas 1973\" srcset=\"https:\/\/myautoprestige.fr\/wp-content\/uploads\/2025\/10\/7-CITROEN-DS-23-IE-Pallas-1973-430x286.webp 430w, https:\/\/myautoprestige.fr\/wp-content\/uploads\/2025\/10\/7-CITROEN-DS-23-IE-Pallas-1973-400x266.webp 400w, https:\/\/myautoprestige.fr\/wp-content\/uploads\/2025\/10\/7-CITROEN-DS-23-IE-Pallas-1973-768x510.webp 768w, https:\/\/myautoprestige.fr\/wp-content\/uploads\/2025\/10\/7-CITROEN-DS-23-IE-Pallas-1973-860x571.webp 860w, https:\/\/myautoprestige.fr\/wp-content\/uploads\/2025\/10\/7-CITROEN-DS-23-IE-Pallas-1973-700x465.webp 700w, https:\/\/myautoprestige.fr\/wp-content\/uploads\/2025\/10\/7-CITROEN-DS-23-IE-Pallas-1973-150x100.webp 150w, https:\/\/myautoprestige.fr\/wp-content\/uploads\/2025\/10\/7-CITROEN-DS-23-IE-Pallas-1973.webp 1024w\" sizes=\"auto, (max-width: 430px) 100vw, 430px\" \/><\/div>\n\t\t\t\t\t<div class=\"wc-block-grid__product-title\">CITRO\u00cbN DS 23 IE Pallas 1973<\/div>\n\t\t\t\t<\/a>\n\t\t\t\t<div class=\"wc-block-grid__product-price price\"><span class=\"woocommerce-Price-amount amount\">18 000,00&nbsp;<span class=\"woocommerce-Price-currencySymbol\">&euro;<\/span><\/span><\/div>\n\t\t\t\t\n\t\t\t\t<div class=\"wp-block-button wc-block-grid__product-add-to-cart\"><a href=\"?add-to-cart=7684\" aria-label=\"Ajouter au panier\u00a0: &ldquo;CITRO\u00cbN DS 23 IE Pallas 1973&rdquo;\" data-quantity=\"1\" data-product_id=\"7684\" data-product_sku=\"\" data-price=\"18000\" rel=\"nofollow\" class=\"wp-block-button__link  add_to_cart_button ajax_add_to_cart\">Demander un devis<\/a><\/div>\n\t\t\t<\/li><li class=\"wc-block-grid__product\">\n\t\t\t\t<a href=\"https:\/\/myautoprestige.fr\/index.php\/produit\/peugeot-2008-gt-vp\/\" class=\"wc-block-grid__product-link\">\n\t\t\t\t\t\n\t\t\t\t\t<div class=\"wc-block-grid__product-image\"><img loading=\"lazy\" decoding=\"async\" width=\"430\" height=\"323\" src=\"https:\/\/myautoprestige.fr\/wp-content\/uploads\/2025\/10\/PEUGEOT-2008-GT-3-430x323.webp\" class=\"attachment-woocommerce_thumbnail size-woocommerce_thumbnail\" alt=\"Peugeot 2008 GT VP\" srcset=\"https:\/\/myautoprestige.fr\/wp-content\/uploads\/2025\/10\/PEUGEOT-2008-GT-3-430x323.webp 430w, https:\/\/myautoprestige.fr\/wp-content\/uploads\/2025\/10\/PEUGEOT-2008-GT-3-400x300.webp 400w, https:\/\/myautoprestige.fr\/wp-content\/uploads\/2025\/10\/PEUGEOT-2008-GT-3-768x576.webp 768w, https:\/\/myautoprestige.fr\/wp-content\/uploads\/2025\/10\/PEUGEOT-2008-GT-3-860x645.webp 860w, https:\/\/myautoprestige.fr\/wp-content\/uploads\/2025\/10\/PEUGEOT-2008-GT-3-700x525.webp 700w, https:\/\/myautoprestige.fr\/wp-content\/uploads\/2025\/10\/PEUGEOT-2008-GT-3-150x113.webp 150w, https:\/\/myautoprestige.fr\/wp-content\/uploads\/2025\/10\/PEUGEOT-2008-GT-3.webp 1024w\" sizes=\"auto, (max-width: 430px) 100vw, 430px\" \/><\/div>\n\t\t\t\t\t<div class=\"wc-block-grid__product-title\">Peugeot 2008 GT VP<\/div>\n\t\t\t\t<\/a>\n\t\t\t\t<div class=\"wc-block-grid__product-price price\"><span class=\"woocommerce-Price-amount amount\">13 800,00&nbsp;<span class=\"woocommerce-Price-currencySymbol\">&euro;<\/span><\/span><\/div>\n\t\t\t\t\n\t\t\t\t<div class=\"wp-block-button wc-block-grid__product-add-to-cart\"><a href=\"?add-to-cart=7673\" aria-label=\"Ajouter au panier\u00a0: &ldquo;Peugeot 2008 GT VP&rdquo;\" data-quantity=\"1\" data-product_id=\"7673\" data-product_sku=\"\" data-price=\"13800\" rel=\"nofollow\" class=\"wp-block-button__link  add_to_cart_button ajax_add_to_cart\">Demander un devis<\/a><\/div>\n\t\t\t<\/li><li class=\"wc-block-grid__product\">\n\t\t\t\t<a href=\"https:\/\/myautoprestige.fr\/index.php\/produit\/quad-can-am-2023\/\" class=\"wc-block-grid__product-link\">\n\t\t\t\t\t\n\t\t\t\t\t<div class=\"wc-block-grid__product-image\"><img loading=\"lazy\" decoding=\"async\" width=\"430\" height=\"573\" src=\"https:\/\/myautoprestige.fr\/wp-content\/uploads\/2025\/10\/QUAD-CAN-AN-430x573.webp\" class=\"attachment-woocommerce_thumbnail size-woocommerce_thumbnail\" alt=\"Quad Can-Am \u2013 2023\" srcset=\"https:\/\/myautoprestige.fr\/wp-content\/uploads\/2025\/10\/QUAD-CAN-AN-430x573.webp 430w, https:\/\/myautoprestige.fr\/wp-content\/uploads\/2025\/10\/QUAD-CAN-AN-225x300.webp 225w, https:\/\/myautoprestige.fr\/wp-content\/uploads\/2025\/10\/QUAD-CAN-AN-600x800.webp 600w, https:\/\/myautoprestige.fr\/wp-content\/uploads\/2025\/10\/QUAD-CAN-AN-700x933.webp 700w, https:\/\/myautoprestige.fr\/wp-content\/uploads\/2025\/10\/QUAD-CAN-AN-150x200.webp 150w, https:\/\/myautoprestige.fr\/wp-content\/uploads\/2025\/10\/QUAD-CAN-AN.webp 768w\" sizes=\"auto, (max-width: 430px) 100vw, 430px\" \/><\/div>\n\t\t\t\t\t<div class=\"wc-block-grid__product-title\">Quad Can-Am \u2013 2023<\/div>\n\t\t\t\t<\/a>\n\t\t\t\t<div class=\"wc-block-grid__product-price price\"><span class=\"woocommerce-Price-amount amount\">5 000,00&nbsp;<span class=\"woocommerce-Price-currencySymbol\">&euro;<\/span><\/span><\/div>\n\t\t\t\t\n\t\t\t\t<div class=\"wp-block-button wc-block-grid__product-add-to-cart\"><a href=\"?add-to-cart=7668\" aria-label=\"Ajouter au panier\u00a0: &ldquo;Quad Can-Am \u2013 2023&rdquo;\" data-quantity=\"1\" data-product_id=\"7668\" data-product_sku=\"\" data-price=\"5000\" rel=\"nofollow\" class=\"wp-block-button__link  add_to_cart_button ajax_add_to_cart\">Demander un devis<\/a><\/div>\n\t\t\t<\/li><\/ul><\/div><\/div><\/div>","protected":false},"excerpt":{"rendered":"Marque Puissance Moins de 8070-10090-120110-140130-160150-200180-250250-300Plus de 300Non renseign\u00e9 Transmission Non renseign\u00e9M\u00e9caniqueHI-low (Doubleur)Semi-power ShiftPower shiftVariation continue Equipement Rel AVPdF AVChargeurArceauCabine suspendueFrein","protected":false},"author":1,"featured_media":0,"parent":0,"menu_order":0,"comment_status":"closed","ping_status":"closed","template":"","meta":{"footnotes":""},"class_list":["post-9","page","type-page","status-publish","hentry"],"yoast_head":"<!-- This site is optimized with the Yoast SEO plugin v25.1 - https:\/\/yoast.com\/wordpress\/plugins\/seo\/ -->\n<title>Panier - Top Of The World<\/title>\n<meta name=\"robots\" content=\"index, follow, max-snippet:-1, max-image-preview:large, max-video-preview:-1\" \/>\n<link rel=\"canonical\" href=\"https:\/\/myautoprestige.fr\/index.php\/panier\/\" \/>\n<meta property=\"og:locale\" content=\"fr_FR\" \/>\n<meta property=\"og:type\" content=\"article\" \/>\n<meta property=\"og:title\" content=\"Panier - Top Of The World\" \/>\n<meta property=\"og:url\" content=\"https:\/\/myautoprestige.fr\/index.php\/panier\/\" \/>\n<meta property=\"og:site_name\" content=\"Top Of The World\" \/>\n<meta property=\"article:modified_time\" content=\"2025-05-29T12:22:17+00:00\" \/>\n<meta name=\"twitter:card\" content=\"summary_large_image\" \/>\n<meta name=\"twitter:label1\" content=\"Dur\u00e9e de lecture estim\u00e9e\" \/>\n\t<meta name=\"twitter:data1\" content=\"1 minute\" \/>\n<script type=\"application\/ld+json\" class=\"yoast-schema-graph\">{\"@context\":\"https:\/\/schema.org\",\"@graph\":[{\"@type\":\"WebPage\",\"@id\":\"https:\/\/myautoprestige.fr\/index.php\/panier\/\",\"url\":\"https:\/\/myautoprestige.fr\/index.php\/panier\/\",\"name\":\"Panier - Top Of The World\",\"isPartOf\":{\"@id\":\"https:\/\/myautoprestige.fr\/#website\"},\"datePublished\":\"2025-05-22T17:39:32+00:00\",\"dateModified\":\"2025-05-29T12:22:17+00:00\",\"breadcrumb\":{\"@id\":\"https:\/\/myautoprestige.fr\/index.php\/panier\/#breadcrumb\"},\"inLanguage\":\"fr-FR\",\"potentialAction\":[{\"@type\":\"ReadAction\",\"target\":[\"https:\/\/myautoprestige.fr\/index.php\/panier\/\"]}]},{\"@type\":\"BreadcrumbList\",\"@id\":\"https:\/\/myautoprestige.fr\/index.php\/panier\/#breadcrumb\",\"itemListElement\":[{\"@type\":\"ListItem\",\"position\":1,\"name\":\"Accueil\",\"item\":\"https:\/\/myautoprestige.fr\/\"},{\"@type\":\"ListItem\",\"position\":2,\"name\":\"Panier\"}]},{\"@type\":\"WebSite\",\"@id\":\"https:\/\/myautoprestige.fr\/#website\",\"url\":\"https:\/\/myautoprestige.fr\/\",\"name\":\"Top Of The World\",\"description\":\"\",\"potentialAction\":[{\"@type\":\"SearchAction\",\"target\":{\"@type\":\"EntryPoint\",\"urlTemplate\":\"https:\/\/myautoprestige.fr\/?s={search_term_string}\"},\"query-input\":{\"@type\":\"PropertyValueSpecification\",\"valueRequired\":true,\"valueName\":\"search_term_string\"}}],\"inLanguage\":\"fr-FR\"}]}<\/script>\n<!-- \/ Yoast SEO plugin. -->","yoast_head_json":{"title":"Panier - Top Of The World","robots":{"index":"index","follow":"follow","max-snippet":"max-snippet:-1","max-image-preview":"max-image-preview:large","max-video-preview":"max-video-preview:-1"},"canonical":"https:\/\/myautoprestige.fr\/index.php\/panier\/","og_locale":"fr_FR","og_type":"article","og_title":"Panier - Top Of The World","og_url":"https:\/\/myautoprestige.fr\/index.php\/panier\/","og_site_name":"Top Of The World","article_modified_time":"2025-05-29T12:22:17+00:00","twitter_card":"summary_large_image","twitter_misc":{"Dur\u00e9e de lecture estim\u00e9e":"1 minute"},"schema":{"@context":"https:\/\/schema.org","@graph":[{"@type":"WebPage","@id":"https:\/\/myautoprestige.fr\/index.php\/panier\/","url":"https:\/\/myautoprestige.fr\/index.php\/panier\/","name":"Panier - Top Of The World","isPartOf":{"@id":"https:\/\/myautoprestige.fr\/#website"},"datePublished":"2025-05-22T17:39:32+00:00","dateModified":"2025-05-29T12:22:17+00:00","breadcrumb":{"@id":"https:\/\/myautoprestige.fr\/index.php\/panier\/#breadcrumb"},"inLanguage":"fr-FR","potentialAction":[{"@type":"ReadAction","target":["https:\/\/myautoprestige.fr\/index.php\/panier\/"]}]},{"@type":"BreadcrumbList","@id":"https:\/\/myautoprestige.fr\/index.php\/panier\/#breadcrumb","itemListElement":[{"@type":"ListItem","position":1,"name":"Accueil","item":"https:\/\/myautoprestige.fr\/"},{"@type":"ListItem","position":2,"name":"Panier"}]},{"@type":"WebSite","@id":"https:\/\/myautoprestige.fr\/#website","url":"https:\/\/myautoprestige.fr\/","name":"Top Of The World","description":"","potentialAction":[{"@type":"SearchAction","target":{"@type":"EntryPoint","urlTemplate":"https:\/\/myautoprestige.fr\/?s={search_term_string}"},"query-input":{"@type":"PropertyValueSpecification","valueRequired":true,"valueName":"search_term_string"}}],"inLanguage":"fr-FR"}]}},"_links":{"self":[{"href":"https:\/\/myautoprestige.fr\/index.php\/wp-json\/wp\/v2\/pages\/9","targetHints":{"allow":["GET"]}}],"collection":[{"href":"https:\/\/myautoprestige.fr\/index.php\/wp-json\/wp\/v2\/pages"}],"about":[{"href":"https:\/\/myautoprestige.fr\/index.php\/wp-json\/wp\/v2\/types\/page"}],"author":[{"embeddable":true,"href":"https:\/\/myautoprestige.fr\/index.php\/wp-json\/wp\/v2\/users\/1"}],"replies":[{"embeddable":true,"href":"https:\/\/myautoprestige.fr\/index.php\/wp-json\/wp\/v2\/comments?post=9"}],"version-history":[{"count":1,"href":"https:\/\/myautoprestige.fr\/index.php\/wp-json\/wp\/v2\/pages\/9\/revisions"}],"predecessor-version":[{"id":7366,"href":"https:\/\/myautoprestige.fr\/index.php\/wp-json\/wp\/v2\/pages\/9\/revisions\/7366"}],"wp:attachment":[{"href":"https:\/\/myautoprestige.fr\/index.php\/wp-json\/wp\/v2\/media?parent=9"}],"curies":[{"name":"wp","href":"https:\/\/api.w.org\/{rel}","templated":true}]}}