{"id":7193,"date":"2025-05-28T16:37:42","date_gmt":"2025-05-28T16:37:42","guid":{"rendered":"https:\/\/myautoprestige.fr\/?page_id=7193"},"modified":"2025-05-28T17:17:28","modified_gmt":"2025-05-28T17:17:28","slug":"demarches-administratives","status":"publish","type":"page","link":"https:\/\/myautoprestige.fr\/index.php\/demarches-administratives\/","title":{"rendered":"D\u00e9marches administratives"},"content":{"rendered":"<h5>Acheter une voiture d&rsquo;occasion \u00e0 l&rsquo;\u00e9tranger est souvent moins co\u00fbteux que de l&rsquo;acqu\u00e9rir en France. De nombreux Fran\u00e7ais traversent la fronti\u00e8re pour d\u00e9nicher le v\u00e9hicule qui leur convient. Mais quelles sont les d\u00e9marches administratives n\u00e9cessaires pour immatriculer une voiture achet\u00e9e hors de France ? Voici toutes les r\u00e9ponses \u00e0 vos interrogations.<\/h5>\n<h5>Quels sont les avantages d&rsquo;acqu\u00e9rir une voiture d&rsquo;occasion \u00e0 l&rsquo;\u00e9tranger ?<\/h5>\n<h5>Des pays tels que la Belgique, les Pays-Bas, l&rsquo;Allemagne et l&rsquo;Autriche sont r\u00e9put\u00e9s pour leurs march\u00e9s de voitures d&rsquo;occasion, o\u00f9 les prix sont g\u00e9n\u00e9ralement environ 30 % inf\u00e9rieurs \u00e0 ceux pratiqu\u00e9s en France. De plus, ces pays disposent de vastes parcs de v\u00e9hicules d&rsquo;occasion. En y achetant une voiture, il est donc possible de r\u00e9aliser des \u00e9conomies significatives. Il est \u00e9galement \u00e0 noter que les v\u00e9hicules d&rsquo;occasion vendus en Belgique, aux Pays-Bas et en Autriche subissent un contr\u00f4le technique consid\u00e9r\u00e9 comme plus rigoureux, garantissant des voitures en excellent \u00e9tat. De plus, si vous choisissez d&rsquo;acheter votre v\u00e9hicule en Belgique dans la r\u00e9gion francophone, la barri\u00e8re linguistique est moindre. Une fois la voiture achet\u00e9e \u00e0 l&rsquo;\u00e9tranger, il est imp\u00e9ratif de l\u2019immatriculer en France dans un d\u00e9lai de 30 jours.<\/h5>\n<h5>Quel est le d\u00e9lai pour immatriculer une voiture achet\u00e9e hors de France ?<\/h5>\n<h5>Vous disposez d\u2019un mois pour immatriculer un v\u00e9hicule \u00e9tranger ou pour faire immatriculer une voiture avec l&rsquo;ancien format. La carte grise est essentielle puisqu&rsquo;elle permet d&rsquo;identifier le v\u00e9hicule et d&rsquo;autoriser sa circulation.<\/h5>\n<h5>Quelles sont les \u00e9tapes pour immatriculer une voiture \u00e9trang\u00e8re en France ?<\/h5>\n<h5>Pour immatriculer une voiture belge en France, il faut suivre cinq \u00e9tapes : obtenir le quitus fiscal aupr\u00e8s du Service des Imp\u00f4ts des Entreprises (SIE), commander le certificat de conformit\u00e9 via Euro Conformit\u00e9 France, demander une immatriculation provisoire WW valable quatre mois, et r\u00e9aliser un contr\u00f4le technique datant de moins de six mois.<\/h5>\n<h5>\u00c0 noter :<\/h5>\n<h5>Lorsque vous achetez une voiture chez AUTO-PRESTIGE, vous n&rsquo;avez aucune d\u00e9marche \u00e0 effectuer pour l&rsquo;obtention des documents du v\u00e9hicule. AUTO-PRESTIGE\u00a0vous remet votre nouvelle voiture avec une immatriculation toute neuve ainsi que la\u00a0carte grise pour les v\u00e9hicules import\u00e9s. En ce qui concerne les v\u00e9hicules nationaux, la proc\u00e9dure de changement de la carte grise sera \u00e0 votre charge.<\/h5>\n","protected":false},"excerpt":{"rendered":"<p>Acheter une voiture d&rsquo;occasion \u00e0 l&rsquo;\u00e9tranger est souvent moins co\u00fbteux que de l&rsquo;acqu\u00e9rir en France. De nombreux Fran\u00e7ais traversent la<\/p>\n","protected":false},"author":1,"featured_media":0,"parent":0,"menu_order":0,"comment_status":"closed","ping_status":"closed","template":"","meta":{"footnotes":""},"class_list":["post-7193","page","type-page","status-publish","hentry"],"yoast_head":"<!-- This site is optimized with the Yoast SEO plugin v25.1 - https:\/\/yoast.com\/wordpress\/plugins\/seo\/ -->\n<title>D\u00e9marches administratives - Top Of The World<\/title>\n<meta name=\"robots\" content=\"index, follow, max-snippet:-1, max-image-preview:large, max-video-preview:-1\" \/>\n<link rel=\"canonical\" href=\"https:\/\/myautoprestige.fr\/index.php\/demarches-administratives\/\" \/>\n<meta property=\"og:locale\" content=\"fr_FR\" \/>\n<meta property=\"og:type\" content=\"article\" \/>\n<meta property=\"og:title\" content=\"D\u00e9marches administratives - Top Of The World\" \/>\n<meta property=\"og:description\" content=\"Acheter une voiture d&rsquo;occasion \u00e0 l&rsquo;\u00e9tranger est souvent moins co\u00fbteux que de l&rsquo;acqu\u00e9rir en France. De nombreux Fran\u00e7ais traversent la\" \/>\n<meta property=\"og:url\" content=\"https:\/\/myautoprestige.fr\/index.php\/demarches-administratives\/\" \/>\n<meta property=\"og:site_name\" content=\"Top Of The World\" \/>\n<meta property=\"article:modified_time\" content=\"2025-05-28T17:17:28+00:00\" \/>\n<meta name=\"twitter:card\" content=\"summary_large_image\" \/>\n<meta name=\"twitter:label1\" content=\"Dur\u00e9e de lecture estim\u00e9e\" \/>\n\t<meta name=\"twitter:data1\" content=\"2 minutes\" \/>\n<script type=\"application\/ld+json\" class=\"yoast-schema-graph\">{\"@context\":\"https:\/\/schema.org\",\"@graph\":[{\"@type\":\"WebPage\",\"@id\":\"https:\/\/myautoprestige.fr\/index.php\/demarches-administratives\/\",\"url\":\"https:\/\/myautoprestige.fr\/index.php\/demarches-administratives\/\",\"name\":\"D\u00e9marches administratives - Top Of The World\",\"isPartOf\":{\"@id\":\"https:\/\/myautoprestige.fr\/#website\"},\"datePublished\":\"2025-05-28T16:37:42+00:00\",\"dateModified\":\"2025-05-28T17:17:28+00:00\",\"breadcrumb\":{\"@id\":\"https:\/\/myautoprestige.fr\/index.php\/demarches-administratives\/#breadcrumb\"},\"inLanguage\":\"fr-FR\",\"potentialAction\":[{\"@type\":\"ReadAction\",\"target\":[\"https:\/\/myautoprestige.fr\/index.php\/demarches-administratives\/\"]}]},{\"@type\":\"BreadcrumbList\",\"@id\":\"https:\/\/myautoprestige.fr\/index.php\/demarches-administratives\/#breadcrumb\",\"itemListElement\":[{\"@type\":\"ListItem\",\"position\":1,\"name\":\"Accueil\",\"item\":\"https:\/\/myautoprestige.fr\/\"},{\"@type\":\"ListItem\",\"position\":2,\"name\":\"D\u00e9marches administratives\"}]},{\"@type\":\"WebSite\",\"@id\":\"https:\/\/myautoprestige.fr\/#website\",\"url\":\"https:\/\/myautoprestige.fr\/\",\"name\":\"Top Of The World\",\"description\":\"\",\"potentialAction\":[{\"@type\":\"SearchAction\",\"target\":{\"@type\":\"EntryPoint\",\"urlTemplate\":\"https:\/\/myautoprestige.fr\/?s={search_term_string}\"},\"query-input\":{\"@type\":\"PropertyValueSpecification\",\"valueRequired\":true,\"valueName\":\"search_term_string\"}}],\"inLanguage\":\"fr-FR\"}]}<\/script>\n<!-- \/ Yoast SEO plugin. -->","yoast_head_json":{"title":"D\u00e9marches administratives - Top Of The World","robots":{"index":"index","follow":"follow","max-snippet":"max-snippet:-1","max-image-preview":"max-image-preview:large","max-video-preview":"max-video-preview:-1"},"canonical":"https:\/\/myautoprestige.fr\/index.php\/demarches-administratives\/","og_locale":"fr_FR","og_type":"article","og_title":"D\u00e9marches administratives - Top Of The World","og_description":"Acheter une voiture d&rsquo;occasion \u00e0 l&rsquo;\u00e9tranger est souvent moins co\u00fbteux que de l&rsquo;acqu\u00e9rir en France. De nombreux Fran\u00e7ais traversent la","og_url":"https:\/\/myautoprestige.fr\/index.php\/demarches-administratives\/","og_site_name":"Top Of The World","article_modified_time":"2025-05-28T17:17:28+00:00","twitter_card":"summary_large_image","twitter_misc":{"Dur\u00e9e de lecture estim\u00e9e":"2 minutes"},"schema":{"@context":"https:\/\/schema.org","@graph":[{"@type":"WebPage","@id":"https:\/\/myautoprestige.fr\/index.php\/demarches-administratives\/","url":"https:\/\/myautoprestige.fr\/index.php\/demarches-administratives\/","name":"D\u00e9marches administratives - Top Of The World","isPartOf":{"@id":"https:\/\/myautoprestige.fr\/#website"},"datePublished":"2025-05-28T16:37:42+00:00","dateModified":"2025-05-28T17:17:28+00:00","breadcrumb":{"@id":"https:\/\/myautoprestige.fr\/index.php\/demarches-administratives\/#breadcrumb"},"inLanguage":"fr-FR","potentialAction":[{"@type":"ReadAction","target":["https:\/\/myautoprestige.fr\/index.php\/demarches-administratives\/"]}]},{"@type":"BreadcrumbList","@id":"https:\/\/myautoprestige.fr\/index.php\/demarches-administratives\/#breadcrumb","itemListElement":[{"@type":"ListItem","position":1,"name":"Accueil","item":"https:\/\/myautoprestige.fr\/"},{"@type":"ListItem","position":2,"name":"D\u00e9marches administratives"}]},{"@type":"WebSite","@id":"https:\/\/myautoprestige.fr\/#website","url":"https:\/\/myautoprestige.fr\/","name":"Top Of The World","description":"","potentialAction":[{"@type":"SearchAction","target":{"@type":"EntryPoint","urlTemplate":"https:\/\/myautoprestige.fr\/?s={search_term_string}"},"query-input":{"@type":"PropertyValueSpecification","valueRequired":true,"valueName":"search_term_string"}}],"inLanguage":"fr-FR"}]}},"_links":{"self":[{"href":"https:\/\/myautoprestige.fr\/index.php\/wp-json\/wp\/v2\/pages\/7193","targetHints":{"allow":["GET"]}}],"collection":[{"href":"https:\/\/myautoprestige.fr\/index.php\/wp-json\/wp\/v2\/pages"}],"about":[{"href":"https:\/\/myautoprestige.fr\/index.php\/wp-json\/wp\/v2\/types\/page"}],"author":[{"embeddable":true,"href":"https:\/\/myautoprestige.fr\/index.php\/wp-json\/wp\/v2\/users\/1"}],"replies":[{"embeddable":true,"href":"https:\/\/myautoprestige.fr\/index.php\/wp-json\/wp\/v2\/comments?post=7193"}],"version-history":[{"count":1,"href":"https:\/\/myautoprestige.fr\/index.php\/wp-json\/wp\/v2\/pages\/7193\/revisions"}],"predecessor-version":[{"id":7194,"href":"https:\/\/myautoprestige.fr\/index.php\/wp-json\/wp\/v2\/pages\/7193\/revisions\/7194"}],"wp:attachment":[{"href":"https:\/\/myautoprestige.fr\/index.php\/wp-json\/wp\/v2\/media?parent=7193"}],"curies":[{"name":"wp","href":"https:\/\/api.w.org\/{rel}","templated":true}]}}