{"id":7154,"date":"2025-05-24T00:52:43","date_gmt":"2025-05-24T00:52:43","guid":{"rendered":"https:\/\/myautoprestige.fr\/?page_id=7154"},"modified":"2025-05-24T00:52:43","modified_gmt":"2025-05-24T00:52:43","slug":"transport-voiture-de-course","status":"publish","type":"page","link":"https:\/\/myautoprestige.fr\/index.php\/transport-voiture-de-course\/","title":{"rendered":"Transport voiture-de-course"},"content":{"rendered":"<div class=\"wpb-content-wrapper\"><p>[vc_row][vc_column][vc_column_text css=\u00a0\u00bb\u00a0\u00bb woodmart_inline=\u00a0\u00bbno\u00a0\u00bb text_larger=\u00a0\u00bbno\u00a0\u00bb]<\/p>\n<h5>Vous cherchez \u00e0 faire\u00a0<strong>transporter une voiture de luxe, de course ou un prototype\u00a0<\/strong>sur un circuit ou un rallye, un \u00e9v\u00e8nement, un salon, une vente aux ench\u00e8res, ou pour un besoin personnel\u00a0?\u00a0<strong>B\u00e9n\u00e9ficiez d\u2019un transport sur mesure et d\u2019un service haut de gamme.<\/strong><\/h5>\n<h5>Nous sommes \u00e0 votre disposition pour vous apporter la meilleure solution \u00e0 votre besoin de transport<\/h5>\n<p>[\/vc_column_text][\/vc_column][\/vc_row][vc_row][vc_column width=\u00a0\u00bb1\/2&Prime;][vc_single_image image=\u00a0\u00bb7155&Prime; img_size=\u00a0\u00bbfull\u00a0\u00bb alignment=\u00a0\u00bbcenter\u00a0\u00bb css=\u00a0\u00bb\u00a0\u00bb parallax_scroll=\u00a0\u00bbno\u00a0\u00bb woodmart_inline=\u00a0\u00bbno\u00a0\u00bb][\/vc_column][vc_column width=\u00a0\u00bb1\/2&Prime;][vc_column_text css=\u00a0\u00bb\u00a0\u00bb woodmart_inline=\u00a0\u00bbno\u00a0\u00bb text_larger=\u00a0\u00bbno\u00a0\u00bb]<\/p>\n<h3>Le transport confidentiel : un service de transport de luxe<\/h3>\n<h5>AUTO-PRESTIGE \u00e0 d\u00e9velopp\u00e9 un\u00a0<strong>service Premium<\/strong>\u00a0pour r\u00e9pondre aux besoins de transport de v\u00e9hicule de luxe et de course\u00a0<strong>dans la plus grande discr\u00e9tion et confidentialit\u00e9<\/strong>.<\/h5>\n<h5>Que vous soyez une soci\u00e9t\u00e9, une association, ou un particulier nous r\u00e9pondons \u00e0 vos demandes de\u00a0<strong>transport sur mesure en France et en Europe.<\/strong><\/h5>\n<h5>Parce que nous savons qu\u2019une voiture d\u2019exception comme la v\u00f4tre\u00a0<strong>m\u00e9rite une attention particuli\u00e8re<\/strong>\u00a0<strong>comme la n\u00f4tre,<\/strong>\u00a0nous nous engageons \u00e0 accorder le plus grand soin\u00a0au\u00a0<strong>transport de votre bien le plus pr\u00e9cieux<\/strong>, depuis sa prise en charge jusqu\u2019\u00e0 sa livraison.<\/h5>\n<h5>Nous vous assurons la garantie d\u2019<strong>une prestation haut de gamme, et 100% sur-mesure :<\/strong><\/h5>\n<ul>\n<li>\n<h5>\u2013 Livraison sur rendez-vous<\/h5>\n<\/li>\n<li>\n<h5>\u2013 Conducteur d\u00e9di\u00e9<\/h5>\n<\/li>\n<li>\n<h5>\u2013 Suivi de votre v\u00e9hicule<\/h5>\n<\/li>\n<li>\n<h5>\u2013 Transport en France et Europe<\/h5>\n<\/li>\n<li>\n<h5>\u2013 Transport sous scell\u00e9s et transport express possible<\/h5>\n<\/li>\n<\/ul>\n<p>[\/vc_column_text][\/vc_column][\/vc_row][vc_row][vc_column width=\u00a0\u00bb1\/2&Prime;][vc_column_text css=\u00a0\u00bb\u00a0\u00bb woodmart_inline=\u00a0\u00bbno\u00a0\u00bb text_larger=\u00a0\u00bbno\u00a0\u00bb]<\/p>\n<h3 class=\"text-o-color-1\"><span style=\"color: #ff0000;\"><b><strong>Choisir AUTO-PRESTIGE\u00a0pour faire transporter une voiture de luxe ou un prototype<\/strong><\/b><\/span><\/h3>\n<h5>En nous confiant votre voiture de luxe, de course ou votre prototype,\u00a0<strong>nous nous portons garants de son transport<\/strong>\u00a0de sa prise en charge jusqu\u2019\u00e0 sa livraison :<\/h5>\n<ol>\n<li>\n<h5><strong>Service unique sur-mesure\u00a0<\/strong>: Nous nous adaptons \u00e0 votre demande afin de vous offrir\u00a0un service haut de gamme, 100% personnalis\u00e9.<\/h5>\n<\/li>\n<li>\n<h5><strong>Prise en charge soign\u00e9e et minutieuse\u00a0<\/strong>de votre v\u00e9hicule.<\/h5>\n<\/li>\n<li>\n<h5><strong>Votre voiture transport\u00e9e par des conducteurs d\u00e9di\u00e9s\u00a0<\/strong>et form\u00e9s sp\u00e9cifiquement au transport de voitures de luxe.<\/h5>\n<\/li>\n<li>\n<h5><strong>Une assurance<\/strong>\u00a0<strong>Ad Valorem<\/strong>, vous permettant d\u2019assurer le v\u00e9hicule \u00e0 sa valeur estim\u00e9e.<\/h5>\n<\/li>\n<li>\n<h5><strong>Equipement de pointe\u00a0<\/strong>en termes de s\u00e9curit\u00e9 et tra\u00e7abilit\u00e9\u00a0: nous disposons de\u00a0<strong>camions adapt\u00e9s et sp\u00e9cialement con\u00e7us\u00a0<\/strong>pour le transport de v\u00e9hicules prestigieux.<\/h5>\n<\/li>\n<li>\n<h5><strong>Suivi de votre commande en temps r\u00e9el\u00a0<\/strong>: tous nos camions confidentiels disposent d\u2019un syst\u00e8me d\u2019informatique embarqu\u00e9e, permettant de conna\u00eetre en temps r\u00e9el la localisation de votre bien.<\/h5>\n<\/li>\n<\/ol>\n<p>[\/vc_column_text][\/vc_column][vc_column width=\u00a0\u00bb1\/2&Prime;][vc_single_image image=\u00a0\u00bb7156&Prime; img_size=\u00a0\u00bbfull\u00a0\u00bb css=\u00a0\u00bb\u00a0\u00bb parallax_scroll=\u00a0\u00bbno\u00a0\u00bb woodmart_inline=\u00a0\u00bbno\u00a0\u00bb][\/vc_column][\/vc_row][vc_row][vc_column][vc_column_text css=\u00a0\u00bb\u00a0\u00bb woodmart_inline=\u00a0\u00bbno\u00a0\u00bb text_larger=\u00a0\u00bbno\u00a0\u00bb]<\/p>\n<h3><span style=\"color: #ff0000;\"><strong>Un service de transport \u00e0 la carte haut de gamme<\/strong><\/span><\/h3>\n<h5>Nous proposons des prestations de transport de voiture de sport, de course, de luxe, mais \u00e9galement le\u00a0transport de v\u00e9hicules de collection.<\/h5>\n<h5>Nous pouvons aussi assurer la\u00a0pr\u00e9paration de votre v\u00e9hicule de prestige, ainsi qu\u2019un\u00a0stockage s\u00e9curis\u00e9.<\/h5>\n<h5><strong>D\u00e9couvrez notre service<\/strong>\u00a0<strong>de transport de luxe<\/strong>\u00a0en consultant ces deux articles.<\/h5>\n<p>[\/vc_column_text][vc_single_image image=\u00a0\u00bb7157&Prime; img_size=\u00a0\u00bbfull\u00a0\u00bb alignment=\u00a0\u00bbcenter\u00a0\u00bb css=\u00a0\u00bb\u00a0\u00bb parallax_scroll=\u00a0\u00bbno\u00a0\u00bb woodmart_inline=\u00a0\u00bbno\u00a0\u00bb][\/vc_column][\/vc_row]<\/p>\n<\/div>","protected":false},"excerpt":{"rendered":"<p>[vc_row][vc_column][vc_column_text css=\u00a0\u00bb\u00a0\u00bb woodmart_inline=\u00a0\u00bbno\u00a0\u00bb text_larger=\u00a0\u00bbno\u00a0\u00bb] Vous cherchez \u00e0 faire\u00a0transporter une voiture de luxe, de course ou un prototype\u00a0sur un circuit ou<\/p>\n","protected":false},"author":1,"featured_media":0,"parent":0,"menu_order":0,"comment_status":"closed","ping_status":"closed","template":"","meta":{"footnotes":""},"class_list":["post-7154","page","type-page","status-publish","hentry"],"yoast_head":"<!-- This site is optimized with the Yoast SEO plugin v25.1 - https:\/\/yoast.com\/wordpress\/plugins\/seo\/ -->\n<title>Transport voiture-de-course - Top Of The World<\/title>\n<meta name=\"robots\" content=\"index, follow, max-snippet:-1, max-image-preview:large, max-video-preview:-1\" \/>\n<link rel=\"canonical\" href=\"https:\/\/myautoprestige.fr\/index.php\/transport-voiture-de-course\/\" \/>\n<meta property=\"og:locale\" content=\"fr_FR\" \/>\n<meta property=\"og:type\" content=\"article\" \/>\n<meta property=\"og:title\" content=\"Transport voiture-de-course - Top Of The World\" \/>\n<meta property=\"og:description\" content=\"[vc_row][vc_column][vc_column_text css=\u00a0\u00bb\u00a0\u00bb woodmart_inline=\u00a0\u00bbno\u00a0\u00bb text_larger=\u00a0\u00bbno\u00a0\u00bb] Vous cherchez \u00e0 faire\u00a0transporter une voiture de luxe, de course ou un prototype\u00a0sur un circuit ou\" \/>\n<meta property=\"og:url\" content=\"https:\/\/myautoprestige.fr\/index.php\/transport-voiture-de-course\/\" \/>\n<meta property=\"og:site_name\" content=\"Top Of The World\" \/>\n<meta name=\"twitter:card\" content=\"summary_large_image\" \/>\n<meta name=\"twitter:label1\" content=\"Dur\u00e9e de lecture estim\u00e9e\" \/>\n\t<meta name=\"twitter:data1\" content=\"3 minutes\" \/>\n<script type=\"application\/ld+json\" class=\"yoast-schema-graph\">{\"@context\":\"https:\/\/schema.org\",\"@graph\":[{\"@type\":\"WebPage\",\"@id\":\"https:\/\/myautoprestige.fr\/index.php\/transport-voiture-de-course\/\",\"url\":\"https:\/\/myautoprestige.fr\/index.php\/transport-voiture-de-course\/\",\"name\":\"Transport voiture-de-course - Top Of The World\",\"isPartOf\":{\"@id\":\"https:\/\/myautoprestige.fr\/#website\"},\"datePublished\":\"2025-05-24T00:52:43+00:00\",\"breadcrumb\":{\"@id\":\"https:\/\/myautoprestige.fr\/index.php\/transport-voiture-de-course\/#breadcrumb\"},\"inLanguage\":\"fr-FR\",\"potentialAction\":[{\"@type\":\"ReadAction\",\"target\":[\"https:\/\/myautoprestige.fr\/index.php\/transport-voiture-de-course\/\"]}]},{\"@type\":\"BreadcrumbList\",\"@id\":\"https:\/\/myautoprestige.fr\/index.php\/transport-voiture-de-course\/#breadcrumb\",\"itemListElement\":[{\"@type\":\"ListItem\",\"position\":1,\"name\":\"Accueil\",\"item\":\"https:\/\/myautoprestige.fr\/\"},{\"@type\":\"ListItem\",\"position\":2,\"name\":\"Transport voiture-de-course\"}]},{\"@type\":\"WebSite\",\"@id\":\"https:\/\/myautoprestige.fr\/#website\",\"url\":\"https:\/\/myautoprestige.fr\/\",\"name\":\"Top Of The World\",\"description\":\"\",\"potentialAction\":[{\"@type\":\"SearchAction\",\"target\":{\"@type\":\"EntryPoint\",\"urlTemplate\":\"https:\/\/myautoprestige.fr\/?s={search_term_string}\"},\"query-input\":{\"@type\":\"PropertyValueSpecification\",\"valueRequired\":true,\"valueName\":\"search_term_string\"}}],\"inLanguage\":\"fr-FR\"}]}<\/script>\n<!-- \/ Yoast SEO plugin. -->","yoast_head_json":{"title":"Transport voiture-de-course - Top Of The World","robots":{"index":"index","follow":"follow","max-snippet":"max-snippet:-1","max-image-preview":"max-image-preview:large","max-video-preview":"max-video-preview:-1"},"canonical":"https:\/\/myautoprestige.fr\/index.php\/transport-voiture-de-course\/","og_locale":"fr_FR","og_type":"article","og_title":"Transport voiture-de-course - Top Of The World","og_description":"[vc_row][vc_column][vc_column_text css=\u00a0\u00bb\u00a0\u00bb woodmart_inline=\u00a0\u00bbno\u00a0\u00bb text_larger=\u00a0\u00bbno\u00a0\u00bb] Vous cherchez \u00e0 faire\u00a0transporter une voiture de luxe, de course ou un prototype\u00a0sur un circuit ou","og_url":"https:\/\/myautoprestige.fr\/index.php\/transport-voiture-de-course\/","og_site_name":"Top Of The World","twitter_card":"summary_large_image","twitter_misc":{"Dur\u00e9e de lecture estim\u00e9e":"3 minutes"},"schema":{"@context":"https:\/\/schema.org","@graph":[{"@type":"WebPage","@id":"https:\/\/myautoprestige.fr\/index.php\/transport-voiture-de-course\/","url":"https:\/\/myautoprestige.fr\/index.php\/transport-voiture-de-course\/","name":"Transport voiture-de-course - Top Of The World","isPartOf":{"@id":"https:\/\/myautoprestige.fr\/#website"},"datePublished":"2025-05-24T00:52:43+00:00","breadcrumb":{"@id":"https:\/\/myautoprestige.fr\/index.php\/transport-voiture-de-course\/#breadcrumb"},"inLanguage":"fr-FR","potentialAction":[{"@type":"ReadAction","target":["https:\/\/myautoprestige.fr\/index.php\/transport-voiture-de-course\/"]}]},{"@type":"BreadcrumbList","@id":"https:\/\/myautoprestige.fr\/index.php\/transport-voiture-de-course\/#breadcrumb","itemListElement":[{"@type":"ListItem","position":1,"name":"Accueil","item":"https:\/\/myautoprestige.fr\/"},{"@type":"ListItem","position":2,"name":"Transport voiture-de-course"}]},{"@type":"WebSite","@id":"https:\/\/myautoprestige.fr\/#website","url":"https:\/\/myautoprestige.fr\/","name":"Top Of The World","description":"","potentialAction":[{"@type":"SearchAction","target":{"@type":"EntryPoint","urlTemplate":"https:\/\/myautoprestige.fr\/?s={search_term_string}"},"query-input":{"@type":"PropertyValueSpecification","valueRequired":true,"valueName":"search_term_string"}}],"inLanguage":"fr-FR"}]}},"_links":{"self":[{"href":"https:\/\/myautoprestige.fr\/index.php\/wp-json\/wp\/v2\/pages\/7154","targetHints":{"allow":["GET"]}}],"collection":[{"href":"https:\/\/myautoprestige.fr\/index.php\/wp-json\/wp\/v2\/pages"}],"about":[{"href":"https:\/\/myautoprestige.fr\/index.php\/wp-json\/wp\/v2\/types\/page"}],"author":[{"embeddable":true,"href":"https:\/\/myautoprestige.fr\/index.php\/wp-json\/wp\/v2\/users\/1"}],"replies":[{"embeddable":true,"href":"https:\/\/myautoprestige.fr\/index.php\/wp-json\/wp\/v2\/comments?post=7154"}],"version-history":[{"count":1,"href":"https:\/\/myautoprestige.fr\/index.php\/wp-json\/wp\/v2\/pages\/7154\/revisions"}],"predecessor-version":[{"id":7158,"href":"https:\/\/myautoprestige.fr\/index.php\/wp-json\/wp\/v2\/pages\/7154\/revisions\/7158"}],"wp:attachment":[{"href":"https:\/\/myautoprestige.fr\/index.php\/wp-json\/wp\/v2\/media?parent=7154"}],"curies":[{"name":"wp","href":"https:\/\/api.w.org\/{rel}","templated":true}]}}