{"id":7147,"date":"2025-05-24T00:34:43","date_gmt":"2025-05-24T00:34:43","guid":{"rendered":"https:\/\/myautoprestige.fr\/?page_id=7147"},"modified":"2025-05-24T00:39:32","modified_gmt":"2025-05-24T00:39:32","slug":"transport-de-voiture-de-collection-prestige","status":"publish","type":"page","link":"https:\/\/myautoprestige.fr\/index.php\/transport-de-voiture-de-collection-prestige\/","title":{"rendered":"Transport de voiture de collection &#038; prestige"},"content":{"rendered":"<div class=\"wpb-content-wrapper\"><p>[vc_row][vc_column][vc_column_text css=\u00a0\u00bb\u00a0\u00bb woodmart_inline=\u00a0\u00bbno\u00a0\u00bb text_larger=\u00a0\u00bbno\u00a0\u00bb]Vous souhaitez faire\u00a0<strong>transporter votre voiture de collection\u00a0<\/strong>sur votre lieu de vacances ?<\/p>\n<p>Votre voiture de prestige est\u00a0<strong>trop ancienne pour faire la route<\/strong>\u00a0?<\/p>\n<p>Ou bien vous ne souhaitez tout simplement\u00a0<strong>pas faire le trajet vous m\u00eame<\/strong>\u00a0?[\/vc_column_text][\/vc_column][\/vc_row][vc_row][vc_column width=\u00a0\u00bb1\/2&Prime;][vc_single_image image=\u00a0\u00bb7148&Prime; img_size=\u00a0\u00bbfull\u00a0\u00bb alignment=\u00a0\u00bbcenter\u00a0\u00bb css=\u00a0\u00bb\u00a0\u00bb parallax_scroll=\u00a0\u00bbno\u00a0\u00bb woodmart_inline=\u00a0\u00bbno\u00a0\u00bb][\/vc_column][vc_column width=\u00a0\u00bb1\/2&Prime;][vc_column_text css=\u00a0\u00bb\u00a0\u00bb woodmart_inline=\u00a0\u00bbno\u00a0\u00bb text_larger=\u00a0\u00bbno\u00a0\u00bb]<\/p>\n<h5 class=\"text-o-color-1\"><b><strong>Confiez le transport de votre v\u00e9hicule de collection \u00e0 un sp\u00e9cialiste<\/strong><\/b><\/h5>\n<h5>Quel que soit votre situation, AUTO-PRESTIGE, sp\u00e9cialistes du transport de voiture, vous proposent une solution adapt\u00e9e pour votre voiture de collection ou de prestige.<\/h5>\n<h5>Qu\u2019elle soit\u00a0roulante, en panne ou accident\u00e9e nous assurons le\u00a0<strong>transport de votre voiture<\/strong>\u00a0de collection sur toute la France et les pays limitrophes.<\/h5>\n<h5><\/h5>\n<h5>Forts de plusieurs\u00a0ann\u00e9es d\u2019expertise dans le\u00a0<strong>transport de v\u00e9hicules<\/strong>, nous avons d\u00e9velopp\u00e9 des prestations de qualit\u00e9 sur-mesure.<\/h5>\n<h5><\/h5>\n<h5>Vous souhaitez conna\u00eetre nos\u00a0tarifs pour le transport d\u2019une voiture de collection\u00a0?<\/h5>\n<h5><strong>Faites une demande de devis en remplissant le formulaire<\/strong>, nous vous r\u00e9pondrons sous 24h.<\/h5>\n<p>[\/vc_column_text]<div id=\"wd-6831133514109\" class=\" wd-rs-6831133514109  wd-button-wrapper text-center\"><a href=\"https:\/\/myautoprestige.fr\/index.php\/demande-de-devis\/\" title=\"Demande de devis\" class=\"btn btn-color-default btn-style-default btn-style-rectangle btn-size-default\">Demande de devis<\/a><\/div>[\/vc_column][\/vc_row][vc_row][vc_column width=\u00a0\u00bb1\/2&Prime;][vc_column_text css=\u00a0\u00bb\u00a0\u00bb woodmart_inline=\u00a0\u00bbno\u00a0\u00bb text_larger=\u00a0\u00bbno\u00a0\u00bb]<\/p>\n<h3 class=\"text-o-color-1\"><span style=\"color: #ff0000;\"><b><strong>Pourquoi choisir un professionnel pour faire transporter sa voiture de collection ?<\/strong><\/b><\/span><\/h3>\n<h5>Nous savons toute l\u2019importance que vous attachez \u00e0 votre v\u00e9hicule de prestige car nous sommes aussi des passionn\u00e9s de l\u2019automobile.<\/h5>\n<h5>Ainsi, en choisissant AUTO-9PRESTIGE\u00a0vous d\u00e9cidez de faire appel \u00e0\u00a0<strong>un expert du transport de v\u00e9hicules<\/strong>, et b\u00e9n\u00e9ficiez d\u2019une prestation de haute qualit\u00e9 :<\/h5>\n<ol>\n<li>\n<h5><strong>Service sur-mesure\u00a0:\u00a0<\/strong>nous effectuons le transport de votre v\u00e9hicule de prestige partout en France et pays limitrophes.<\/h5>\n<\/li>\n<li>\n<h5><strong>Prise en charge soign\u00e9e<\/strong>\u00a0: votre voiture transport\u00e9e par des\u00a0conducteurs hautement qualifi\u00e9s<strong>.<\/strong><\/h5>\n<\/li>\n<li>\n<h5><strong>Equipement de pointe\u00a0<\/strong>en termes de s\u00e9curit\u00e9, tra\u00e7abilit\u00e9 et transmission d\u2019informations.<\/h5>\n<\/li>\n<li>\n<h5><strong>Suivi de votre commande en temps r\u00e9el\u00a0<\/strong>gr\u00e2ce au syst\u00e8me d\u2019informatique embarqu\u00e9e de nos camions.<\/h5>\n<\/li>\n<li>\n<h5><strong>Un tarif juste\u00a0<\/strong>: Faire appel \u00e0 un expert du transport ne signifie pas payer plus cher. Notre savoir-faire nous permet de vous proposer des tarifs comp\u00e9titifs, tout en vous garantissant un service irr\u00e9prochable.<\/h5>\n<\/li>\n<li>\n<h5><strong>Une assurance suppl\u00e9mentaire\u00a0<\/strong>: Pour toujours plus de pr\u00e9cautions, nous pouvons vous proposer de souscrire une assurance ad-valorem, afin d\u2019assurer votre v\u00e9hicule \u00e0 sa valeur estim\u00e9e.<\/h5>\n<\/li>\n<li>\n<h5><strong>Un paiement facilit\u00e9 et s\u00e9curis\u00e9\u00a0<\/strong>: apr\u00e8s r\u00e9ception du devis r\u00e9glez directement votre commande par virement notre\u00a0compte bancaire.<\/h5>\n<\/li>\n<li>\n<h5><strong>Un d\u00e9lai de livraison optimal\u00a0<\/strong>: nous assurons le transport de votre voiture dans un d\u00e9lai de 5 \u00e0 15 jours ouvr\u00e9s, selon la p\u00e9riode.<\/h5>\n<\/li>\n<\/ol>\n<p>[\/vc_column_text][\/vc_column][vc_column width=\u00a0\u00bb1\/2&Prime;][vc_single_image image=\u00a0\u00bb7149&Prime; img_size=\u00a0\u00bbfull\u00a0\u00bb alignment=\u00a0\u00bbcenter\u00a0\u00bb css=\u00a0\u00bb\u00a0\u00bb parallax_scroll=\u00a0\u00bbno\u00a0\u00bb woodmart_inline=\u00a0\u00bbno\u00a0\u00bb][\/vc_column][\/vc_row][vc_row][vc_column width=\u00a0\u00bb1\/2&Prime;][vc_single_image image=\u00a0\u00bb7151&Prime; img_size=\u00a0\u00bbfull\u00a0\u00bb alignment=\u00a0\u00bbcenter\u00a0\u00bb css=\u00a0\u00bb\u00a0\u00bb parallax_scroll=\u00a0\u00bbno\u00a0\u00bb woodmart_inline=\u00a0\u00bbno\u00a0\u00bb][\/vc_column][vc_column width=\u00a0\u00bb1\/2&Prime;][vc_column_text css=\u00a0\u00bb\u00a0\u00bb woodmart_inline=\u00a0\u00bbno\u00a0\u00bb text_larger=\u00a0\u00bbno\u00a0\u00bb]<\/p>\n<h3>Transport voiture de collection par camion ferm\u00e9<\/h3>\n<h5>Collectionneurs, associations, \u00e9v\u00e8nements, circuits, garages, nous pouvons transporter des v\u00e9hicules de collection et de prestige\u00a0<strong>par camion confidentiel, \u00e0 l\u2019abris des regards<\/strong>. Une prestation sur mesure et haut de gamme assur\u00e9e par des conducteurs form\u00e9s sp\u00e9cifiquement au chargement et d\u00e9chargement de v\u00e9hicules de prestige.<\/h5>\n<h5>Vous b\u00e9n\u00e9ficiez d\u2019un transport sur-mesure et la livraison se fait sur rendez-vous, \u00e0 votre convenance.<\/h5>\n<p>[\/vc_column_text][\/vc_column][\/vc_row]<\/p>\n<\/div>","protected":false},"excerpt":{"rendered":"<p>[vc_row][vc_column][vc_column_text css=\u00a0\u00bb\u00a0\u00bb woodmart_inline=\u00a0\u00bbno\u00a0\u00bb text_larger=\u00a0\u00bbno\u00a0\u00bb]Vous souhaitez faire\u00a0transporter votre voiture de collection\u00a0sur votre lieu de vacances ? Votre voiture de prestige est\u00a0trop<\/p>\n","protected":false},"author":1,"featured_media":0,"parent":0,"menu_order":0,"comment_status":"closed","ping_status":"closed","template":"","meta":{"footnotes":""},"class_list":["post-7147","page","type-page","status-publish","hentry"],"yoast_head":"<!-- This site is optimized with the Yoast SEO plugin v25.1 - https:\/\/yoast.com\/wordpress\/plugins\/seo\/ -->\n<title>Transport de voiture de collection &amp; prestige - Top Of The World<\/title>\n<meta name=\"robots\" content=\"index, follow, max-snippet:-1, max-image-preview:large, max-video-preview:-1\" \/>\n<link rel=\"canonical\" href=\"https:\/\/myautoprestige.fr\/index.php\/transport-de-voiture-de-collection-prestige\/\" \/>\n<meta property=\"og:locale\" content=\"fr_FR\" \/>\n<meta property=\"og:type\" content=\"article\" \/>\n<meta property=\"og:title\" content=\"Transport de voiture de collection &amp; prestige - Top Of The World\" \/>\n<meta property=\"og:description\" content=\"[vc_row][vc_column][vc_column_text css=\u00a0\u00bb\u00a0\u00bb woodmart_inline=\u00a0\u00bbno\u00a0\u00bb text_larger=\u00a0\u00bbno\u00a0\u00bb]Vous souhaitez faire\u00a0transporter votre voiture de collection\u00a0sur votre lieu de vacances ? Votre voiture de prestige est\u00a0trop\" \/>\n<meta property=\"og:url\" content=\"https:\/\/myautoprestige.fr\/index.php\/transport-de-voiture-de-collection-prestige\/\" \/>\n<meta property=\"og:site_name\" content=\"Top Of The World\" \/>\n<meta property=\"article:modified_time\" content=\"2025-05-24T00:39:32+00:00\" \/>\n<meta name=\"twitter:card\" content=\"summary_large_image\" \/>\n<meta name=\"twitter:label1\" content=\"Dur\u00e9e de lecture estim\u00e9e\" \/>\n\t<meta name=\"twitter:data1\" content=\"3 minutes\" \/>\n<script type=\"application\/ld+json\" class=\"yoast-schema-graph\">{\"@context\":\"https:\/\/schema.org\",\"@graph\":[{\"@type\":\"WebPage\",\"@id\":\"https:\/\/myautoprestige.fr\/index.php\/transport-de-voiture-de-collection-prestige\/\",\"url\":\"https:\/\/myautoprestige.fr\/index.php\/transport-de-voiture-de-collection-prestige\/\",\"name\":\"Transport de voiture de collection & prestige - Top Of The World\",\"isPartOf\":{\"@id\":\"https:\/\/myautoprestige.fr\/#website\"},\"datePublished\":\"2025-05-24T00:34:43+00:00\",\"dateModified\":\"2025-05-24T00:39:32+00:00\",\"breadcrumb\":{\"@id\":\"https:\/\/myautoprestige.fr\/index.php\/transport-de-voiture-de-collection-prestige\/#breadcrumb\"},\"inLanguage\":\"fr-FR\",\"potentialAction\":[{\"@type\":\"ReadAction\",\"target\":[\"https:\/\/myautoprestige.fr\/index.php\/transport-de-voiture-de-collection-prestige\/\"]}]},{\"@type\":\"BreadcrumbList\",\"@id\":\"https:\/\/myautoprestige.fr\/index.php\/transport-de-voiture-de-collection-prestige\/#breadcrumb\",\"itemListElement\":[{\"@type\":\"ListItem\",\"position\":1,\"name\":\"Accueil\",\"item\":\"https:\/\/myautoprestige.fr\/\"},{\"@type\":\"ListItem\",\"position\":2,\"name\":\"Transport de voiture de collection &#038; prestige\"}]},{\"@type\":\"WebSite\",\"@id\":\"https:\/\/myautoprestige.fr\/#website\",\"url\":\"https:\/\/myautoprestige.fr\/\",\"name\":\"Top Of The World\",\"description\":\"\",\"potentialAction\":[{\"@type\":\"SearchAction\",\"target\":{\"@type\":\"EntryPoint\",\"urlTemplate\":\"https:\/\/myautoprestige.fr\/?s={search_term_string}\"},\"query-input\":{\"@type\":\"PropertyValueSpecification\",\"valueRequired\":true,\"valueName\":\"search_term_string\"}}],\"inLanguage\":\"fr-FR\"}]}<\/script>\n<!-- \/ Yoast SEO plugin. -->","yoast_head_json":{"title":"Transport de voiture de collection & prestige - Top Of The World","robots":{"index":"index","follow":"follow","max-snippet":"max-snippet:-1","max-image-preview":"max-image-preview:large","max-video-preview":"max-video-preview:-1"},"canonical":"https:\/\/myautoprestige.fr\/index.php\/transport-de-voiture-de-collection-prestige\/","og_locale":"fr_FR","og_type":"article","og_title":"Transport de voiture de collection & prestige - Top Of The World","og_description":"[vc_row][vc_column][vc_column_text css=\u00a0\u00bb\u00a0\u00bb woodmart_inline=\u00a0\u00bbno\u00a0\u00bb text_larger=\u00a0\u00bbno\u00a0\u00bb]Vous souhaitez faire\u00a0transporter votre voiture de collection\u00a0sur votre lieu de vacances ? Votre voiture de prestige est\u00a0trop","og_url":"https:\/\/myautoprestige.fr\/index.php\/transport-de-voiture-de-collection-prestige\/","og_site_name":"Top Of The World","article_modified_time":"2025-05-24T00:39:32+00:00","twitter_card":"summary_large_image","twitter_misc":{"Dur\u00e9e de lecture estim\u00e9e":"3 minutes"},"schema":{"@context":"https:\/\/schema.org","@graph":[{"@type":"WebPage","@id":"https:\/\/myautoprestige.fr\/index.php\/transport-de-voiture-de-collection-prestige\/","url":"https:\/\/myautoprestige.fr\/index.php\/transport-de-voiture-de-collection-prestige\/","name":"Transport de voiture de collection & prestige - Top Of The World","isPartOf":{"@id":"https:\/\/myautoprestige.fr\/#website"},"datePublished":"2025-05-24T00:34:43+00:00","dateModified":"2025-05-24T00:39:32+00:00","breadcrumb":{"@id":"https:\/\/myautoprestige.fr\/index.php\/transport-de-voiture-de-collection-prestige\/#breadcrumb"},"inLanguage":"fr-FR","potentialAction":[{"@type":"ReadAction","target":["https:\/\/myautoprestige.fr\/index.php\/transport-de-voiture-de-collection-prestige\/"]}]},{"@type":"BreadcrumbList","@id":"https:\/\/myautoprestige.fr\/index.php\/transport-de-voiture-de-collection-prestige\/#breadcrumb","itemListElement":[{"@type":"ListItem","position":1,"name":"Accueil","item":"https:\/\/myautoprestige.fr\/"},{"@type":"ListItem","position":2,"name":"Transport de voiture de collection &#038; prestige"}]},{"@type":"WebSite","@id":"https:\/\/myautoprestige.fr\/#website","url":"https:\/\/myautoprestige.fr\/","name":"Top Of The World","description":"","potentialAction":[{"@type":"SearchAction","target":{"@type":"EntryPoint","urlTemplate":"https:\/\/myautoprestige.fr\/?s={search_term_string}"},"query-input":{"@type":"PropertyValueSpecification","valueRequired":true,"valueName":"search_term_string"}}],"inLanguage":"fr-FR"}]}},"_links":{"self":[{"href":"https:\/\/myautoprestige.fr\/index.php\/wp-json\/wp\/v2\/pages\/7147","targetHints":{"allow":["GET"]}}],"collection":[{"href":"https:\/\/myautoprestige.fr\/index.php\/wp-json\/wp\/v2\/pages"}],"about":[{"href":"https:\/\/myautoprestige.fr\/index.php\/wp-json\/wp\/v2\/types\/page"}],"author":[{"embeddable":true,"href":"https:\/\/myautoprestige.fr\/index.php\/wp-json\/wp\/v2\/users\/1"}],"replies":[{"embeddable":true,"href":"https:\/\/myautoprestige.fr\/index.php\/wp-json\/wp\/v2\/comments?post=7147"}],"version-history":[{"count":3,"href":"https:\/\/myautoprestige.fr\/index.php\/wp-json\/wp\/v2\/pages\/7147\/revisions"}],"predecessor-version":[{"id":7153,"href":"https:\/\/myautoprestige.fr\/index.php\/wp-json\/wp\/v2\/pages\/7147\/revisions\/7153"}],"wp:attachment":[{"href":"https:\/\/myautoprestige.fr\/index.php\/wp-json\/wp\/v2\/media?parent=7147"}],"curies":[{"name":"wp","href":"https:\/\/api.w.org\/{rel}","templated":true}]}}