{"id":7136,"date":"2025-05-24T00:15:05","date_gmt":"2025-05-24T00:15:05","guid":{"rendered":"https:\/\/myautoprestige.fr\/?page_id=7136"},"modified":"2025-05-24T00:25:17","modified_gmt":"2025-05-24T00:25:17","slug":"transport-de-voiture-en-panne","status":"publish","type":"page","link":"https:\/\/myautoprestige.fr\/index.php\/transport-de-voiture-en-panne\/","title":{"rendered":"Transport de voiture  en-panne"},"content":{"rendered":"<div class=\"wpb-content-wrapper\"><p>[vc_row][vc_column width=\u00a0\u00bb1\/2&Prime;][vc_column_text css=\u00a0\u00bb\u00a0\u00bb woodmart_inline=\u00a0\u00bbno\u00a0\u00bb text_larger=\u00a0\u00bbno\u00a0\u00bb]<\/p>\n<h3>Votre voiture est tomb\u00e9e en panne et vous\u00a0<strong>souhaitez la faire rapatrier<\/strong>\u00a0?<\/h3>\n<h5>Votre v\u00e9hicule est\u00a0<strong>en attente de r\u00e9paration<\/strong>\u00a0et vous avez besoin de le faire transporter ? Quelles que soient les raisons du rapatriement de votre voiture nous avons une solution pour la transporter.<\/h5>\n<p>[\/vc_column_text]<div id=\"wd-68310ede6ad9e\" class=\" wd-rs-68310ede6ad9e  wd-button-wrapper text-center\"><a href=\"https:\/\/myautoprestige.fr\/index.php\/demande-de-devis\/\" title=\"Demande de devis\" class=\"btn btn-color-default btn-style-default btn-style-rectangle btn-size-default\">Demande de devis<\/a><\/div>[\/vc_column][vc_column width=\u00a0\u00bb1\/2&Prime;][vc_single_image image=\u00a0\u00bb7137&Prime; img_size=\u00a0\u00bbfull\u00a0\u00bb css=\u00a0\u00bb\u00a0\u00bb parallax_scroll=\u00a0\u00bbno\u00a0\u00bb woodmart_inline=\u00a0\u00bbno\u00a0\u00bb][\/vc_column][\/vc_row][vc_row][vc_column][vc_column_text css=\u00a0\u00bb\u00a0\u00bb woodmart_inline=\u00a0\u00bbno\u00a0\u00bb text_larger=\u00a0\u00bbno\u00a0\u00bb]<\/p>\n<h3 style=\"text-align: center;\"><span style=\"color: #ff0000;\">Le transport de voiture en panne par un transporteur professionnel<\/span><\/h3>\n<p>[\/vc_column_text][vc_single_image image=\u00a0\u00bb7138&Prime; img_size=\u00a0\u00bbfull\u00a0\u00bb alignment=\u00a0\u00bbcenter\u00a0\u00bb css=\u00a0\u00bb\u00a0\u00bb parallax_scroll=\u00a0\u00bbno\u00a0\u00bb woodmart_inline=\u00a0\u00bbno\u00a0\u00bb][vc_column_text css=\u00a0\u00bb\u00a0\u00bb woodmart_inline=\u00a0\u00bbno\u00a0\u00bb text_larger=\u00a0\u00bbno\u00a0\u00bb]<\/p>\n<h5>Que votre voiture soit non roulante, accident\u00e9e, ou en panne, que vous ayez besoin d\u2019un rapatriement longue distance en national \/ international ou en local, chez\u00a0<strong>AUTO-PRESTIGE<\/strong>, nous avons la solution adapt\u00e9e \u00e0 votre besoin.<\/h5>\n<h5>Gr\u00e2ce \u00e0 nos \u00e9quipes de\u00a0<strong>professionnels responsables<\/strong>\u00a0et nos chauffeurs professionnels form\u00e9s r\u00e9guli\u00e8rement nous vous assurons\u00a0<strong>une prestation de qualit\u00e9<\/strong>. Votre probl\u00e8me de v\u00e9hicule en panne n\u2019en sera plus un. Notre\u00a0<strong>service de rapatriement<\/strong>\u00a0de voiture s\u2019occupera de g\u00e9rer toute l\u2019organisation de votre transport.<\/h5>\n<h5>Nos\u00a0ann\u00e9es d\u2019expertise dans le transport de tout type de v\u00e9hicule nous permettent de vous proposer des prestations de haute qualit\u00e9, \u00e0\u00a0<strong>prix comp\u00e9titifs pour le rapatriement de votre voiture\u00a0<\/strong>par camion porte-voiture.<\/h5>\n<h5>Pour<strong>\u00a0conna\u00eetre nos tarifs<\/strong>\u00a0pour un transport de voiture en panne, \u00a0pourrez\u00a0demander un devis personnalis\u00e9 que notre \u00e9quipe vous adressera par email sous 24h ouvr\u00e9es.<\/h5>\n<h5><strong>Autres prestations de transport de v\u00e9hicules l\u00e9gers<\/strong><\/h5>\n<h5>Auto-prestige assurent aussi\u00a0<strong>en France<\/strong>\u00a0et\u00a0<strong>pays limitrophes<\/strong>\u00a0des prestations de transport de tous types de v\u00e9hicules, pour les particuliers, et\u00a0les professionnels.<\/h5>\n<h5>Nous effectuons du transport pour les\u00a0<strong>v\u00e9hicules de collection<\/strong>\u00a0ou de prestige, les<strong>\u00a0voitures de courses ou prototypes<\/strong>, les<strong>\u00a0v\u00e9hicules utilitaires<\/strong>\u00a0ou encore du\u00a0<strong>transport de camping-car<\/strong>.<\/h5>\n<p>[\/vc_column_text][\/vc_column][\/vc_row][vc_row][vc_column width=\u00a0\u00bb1\/2&Prime;][vc_single_image image=\u00a0\u00bb7144&Prime; img_size=\u00a0\u00bbfull\u00a0\u00bb alignment=\u00a0\u00bbcenter\u00a0\u00bb css=\u00a0\u00bb\u00a0\u00bb parallax_scroll=\u00a0\u00bbno\u00a0\u00bb woodmart_inline=\u00a0\u00bbno\u00a0\u00bb][\/vc_column][vc_column width=\u00a0\u00bb1\/2&Prime;][vc_single_image image=\u00a0\u00bb7145&Prime; img_size=\u00a0\u00bbfull\u00a0\u00bb alignment=\u00a0\u00bbcenter\u00a0\u00bb css=\u00a0\u00bb\u00a0\u00bb parallax_scroll=\u00a0\u00bbno\u00a0\u00bb woodmart_inline=\u00a0\u00bbno\u00a0\u00bb][\/vc_column][\/vc_row]<\/p>\n<\/div>","protected":false},"excerpt":{"rendered":"<p>[vc_row][vc_column width=\u00a0\u00bb1\/2&Prime;][vc_column_text css=\u00a0\u00bb\u00a0\u00bb woodmart_inline=\u00a0\u00bbno\u00a0\u00bb text_larger=\u00a0\u00bbno\u00a0\u00bb] Votre voiture est tomb\u00e9e en panne et vous\u00a0souhaitez la faire rapatrier\u00a0? Votre v\u00e9hicule est\u00a0en attente<\/p>\n","protected":false},"author":1,"featured_media":0,"parent":0,"menu_order":0,"comment_status":"closed","ping_status":"closed","template":"","meta":{"footnotes":""},"class_list":["post-7136","page","type-page","status-publish","hentry"],"yoast_head":"<!-- This site is optimized with the Yoast SEO plugin v25.1 - https:\/\/yoast.com\/wordpress\/plugins\/seo\/ -->\n<title>Transport de voiture en-panne - Top Of The World<\/title>\n<meta name=\"robots\" content=\"index, follow, max-snippet:-1, max-image-preview:large, max-video-preview:-1\" \/>\n<link rel=\"canonical\" href=\"https:\/\/myautoprestige.fr\/index.php\/transport-de-voiture-en-panne\/\" \/>\n<meta property=\"og:locale\" content=\"fr_FR\" \/>\n<meta property=\"og:type\" content=\"article\" \/>\n<meta property=\"og:title\" content=\"Transport de voiture en-panne - Top Of The World\" \/>\n<meta property=\"og:description\" content=\"[vc_row][vc_column width=\u00a0\u00bb1\/2&Prime;][vc_column_text css=\u00a0\u00bb\u00a0\u00bb woodmart_inline=\u00a0\u00bbno\u00a0\u00bb text_larger=\u00a0\u00bbno\u00a0\u00bb] Votre voiture est tomb\u00e9e en panne et vous\u00a0souhaitez la faire rapatrier\u00a0? Votre v\u00e9hicule est\u00a0en attente\" \/>\n<meta property=\"og:url\" content=\"https:\/\/myautoprestige.fr\/index.php\/transport-de-voiture-en-panne\/\" \/>\n<meta property=\"og:site_name\" content=\"Top Of The World\" \/>\n<meta property=\"article:modified_time\" content=\"2025-05-24T00:25:17+00:00\" \/>\n<meta name=\"twitter:card\" content=\"summary_large_image\" \/>\n<meta name=\"twitter:label1\" content=\"Dur\u00e9e de lecture estim\u00e9e\" \/>\n\t<meta name=\"twitter:data1\" content=\"3 minutes\" \/>\n<script type=\"application\/ld+json\" class=\"yoast-schema-graph\">{\"@context\":\"https:\/\/schema.org\",\"@graph\":[{\"@type\":\"WebPage\",\"@id\":\"https:\/\/myautoprestige.fr\/index.php\/transport-de-voiture-en-panne\/\",\"url\":\"https:\/\/myautoprestige.fr\/index.php\/transport-de-voiture-en-panne\/\",\"name\":\"Transport de voiture en-panne - Top Of The World\",\"isPartOf\":{\"@id\":\"https:\/\/myautoprestige.fr\/#website\"},\"datePublished\":\"2025-05-24T00:15:05+00:00\",\"dateModified\":\"2025-05-24T00:25:17+00:00\",\"breadcrumb\":{\"@id\":\"https:\/\/myautoprestige.fr\/index.php\/transport-de-voiture-en-panne\/#breadcrumb\"},\"inLanguage\":\"fr-FR\",\"potentialAction\":[{\"@type\":\"ReadAction\",\"target\":[\"https:\/\/myautoprestige.fr\/index.php\/transport-de-voiture-en-panne\/\"]}]},{\"@type\":\"BreadcrumbList\",\"@id\":\"https:\/\/myautoprestige.fr\/index.php\/transport-de-voiture-en-panne\/#breadcrumb\",\"itemListElement\":[{\"@type\":\"ListItem\",\"position\":1,\"name\":\"Accueil\",\"item\":\"https:\/\/myautoprestige.fr\/\"},{\"@type\":\"ListItem\",\"position\":2,\"name\":\"Transport de voiture en-panne\"}]},{\"@type\":\"WebSite\",\"@id\":\"https:\/\/myautoprestige.fr\/#website\",\"url\":\"https:\/\/myautoprestige.fr\/\",\"name\":\"Top Of The World\",\"description\":\"\",\"potentialAction\":[{\"@type\":\"SearchAction\",\"target\":{\"@type\":\"EntryPoint\",\"urlTemplate\":\"https:\/\/myautoprestige.fr\/?s={search_term_string}\"},\"query-input\":{\"@type\":\"PropertyValueSpecification\",\"valueRequired\":true,\"valueName\":\"search_term_string\"}}],\"inLanguage\":\"fr-FR\"}]}<\/script>\n<!-- \/ Yoast SEO plugin. -->","yoast_head_json":{"title":"Transport de voiture en-panne - Top Of The World","robots":{"index":"index","follow":"follow","max-snippet":"max-snippet:-1","max-image-preview":"max-image-preview:large","max-video-preview":"max-video-preview:-1"},"canonical":"https:\/\/myautoprestige.fr\/index.php\/transport-de-voiture-en-panne\/","og_locale":"fr_FR","og_type":"article","og_title":"Transport de voiture en-panne - Top Of The World","og_description":"[vc_row][vc_column width=\u00a0\u00bb1\/2&Prime;][vc_column_text css=\u00a0\u00bb\u00a0\u00bb woodmart_inline=\u00a0\u00bbno\u00a0\u00bb text_larger=\u00a0\u00bbno\u00a0\u00bb] Votre voiture est tomb\u00e9e en panne et vous\u00a0souhaitez la faire rapatrier\u00a0? Votre v\u00e9hicule est\u00a0en attente","og_url":"https:\/\/myautoprestige.fr\/index.php\/transport-de-voiture-en-panne\/","og_site_name":"Top Of The World","article_modified_time":"2025-05-24T00:25:17+00:00","twitter_card":"summary_large_image","twitter_misc":{"Dur\u00e9e de lecture estim\u00e9e":"3 minutes"},"schema":{"@context":"https:\/\/schema.org","@graph":[{"@type":"WebPage","@id":"https:\/\/myautoprestige.fr\/index.php\/transport-de-voiture-en-panne\/","url":"https:\/\/myautoprestige.fr\/index.php\/transport-de-voiture-en-panne\/","name":"Transport de voiture en-panne - Top Of The World","isPartOf":{"@id":"https:\/\/myautoprestige.fr\/#website"},"datePublished":"2025-05-24T00:15:05+00:00","dateModified":"2025-05-24T00:25:17+00:00","breadcrumb":{"@id":"https:\/\/myautoprestige.fr\/index.php\/transport-de-voiture-en-panne\/#breadcrumb"},"inLanguage":"fr-FR","potentialAction":[{"@type":"ReadAction","target":["https:\/\/myautoprestige.fr\/index.php\/transport-de-voiture-en-panne\/"]}]},{"@type":"BreadcrumbList","@id":"https:\/\/myautoprestige.fr\/index.php\/transport-de-voiture-en-panne\/#breadcrumb","itemListElement":[{"@type":"ListItem","position":1,"name":"Accueil","item":"https:\/\/myautoprestige.fr\/"},{"@type":"ListItem","position":2,"name":"Transport de voiture en-panne"}]},{"@type":"WebSite","@id":"https:\/\/myautoprestige.fr\/#website","url":"https:\/\/myautoprestige.fr\/","name":"Top Of The World","description":"","potentialAction":[{"@type":"SearchAction","target":{"@type":"EntryPoint","urlTemplate":"https:\/\/myautoprestige.fr\/?s={search_term_string}"},"query-input":{"@type":"PropertyValueSpecification","valueRequired":true,"valueName":"search_term_string"}}],"inLanguage":"fr-FR"}]}},"_links":{"self":[{"href":"https:\/\/myautoprestige.fr\/index.php\/wp-json\/wp\/v2\/pages\/7136","targetHints":{"allow":["GET"]}}],"collection":[{"href":"https:\/\/myautoprestige.fr\/index.php\/wp-json\/wp\/v2\/pages"}],"about":[{"href":"https:\/\/myautoprestige.fr\/index.php\/wp-json\/wp\/v2\/types\/page"}],"author":[{"embeddable":true,"href":"https:\/\/myautoprestige.fr\/index.php\/wp-json\/wp\/v2\/users\/1"}],"replies":[{"embeddable":true,"href":"https:\/\/myautoprestige.fr\/index.php\/wp-json\/wp\/v2\/comments?post=7136"}],"version-history":[{"count":6,"href":"https:\/\/myautoprestige.fr\/index.php\/wp-json\/wp\/v2\/pages\/7136\/revisions"}],"predecessor-version":[{"id":7146,"href":"https:\/\/myautoprestige.fr\/index.php\/wp-json\/wp\/v2\/pages\/7136\/revisions\/7146"}],"wp:attachment":[{"href":"https:\/\/myautoprestige.fr\/index.php\/wp-json\/wp\/v2\/media?parent=7136"}],"curies":[{"name":"wp","href":"https:\/\/api.w.org\/{rel}","templated":true}]}}