{"id":7126,"date":"2025-05-23T13:48:13","date_gmt":"2025-05-23T13:48:13","guid":{"rendered":"https:\/\/myautoprestige.fr\/?page_id=7126"},"modified":"2025-05-23T13:48:13","modified_gmt":"2025-05-23T13:48:13","slug":"conditions-generales-de-vente","status":"publish","type":"page","link":"https:\/\/myautoprestige.fr\/index.php\/conditions-generales-de-vente\/","title":{"rendered":"Conditions G\u00e9n\u00e9rales de Vente"},"content":{"rendered":"<section class=\"s_text_block o_colored_level pt0 o_cc o_cc3 pb40\" data-snippet=\"s_text_block\" data-name=\"Texte\">\n<div class=\"s_allow_columns container\">\n<h5><strong>ARTICLE 1.<\/strong><\/h5>\n<h5>Tout engagement, exp\u00e9dition ou op\u00e9ration quelconque, sauf conditions particuli\u00e8res, \u00e9crites entre les parties, vaut acceptation des conditions ci-apr\u00e8s cit\u00e9es. Les engagements devront \u00eatre confirm\u00e9s par \u00e9crit, en pr\u00e9cisant qui sera \u00ab le payeur \u00bb des prestations command\u00e9es.<\/h5>\n<h5><\/h5>\n<h5><strong>ARTICLE 2.<\/strong><\/h5>\n<h5>Notre responsabilit\u00e9 et les responsabilit\u00e9s du donneur d&rsquo;ordre sont d\u00e9termin\u00e9es par le contrat type voiture n\u00b02001-658 du 19 juillet 2001, mod. par D. n\u00b0 2001-1363 du 28 d\u00e9c. 2001.<\/h5>\n<h5>Le transporteur n&rsquo;est notamment pas responsable des d\u00e9t\u00e9riorations survenues aux marchandises par suite de leur vice propre ou de la force majeure.<\/h5>\n<h5><\/h5>\n<h5><strong>ARTICLE 3.<\/strong><\/h5>\n<h5>Les v\u00e9hicules qui nous sont confi\u00e9s doivent \u00eatre munis d&rsquo;eau, d&rsquo;huile, de carburant et d&rsquo;antigel (du 1er\u00a0octobre au 1er\u00a0avril). Notre soci\u00e9t\u00e9 ne sera en aucun cas responsable d&rsquo;incidents m\u00e9caniques survenant au cours du transport, du fait de l&rsquo;absence de ces produits. Les incidents survenant de l&rsquo;\u00e9tat des v\u00e9hicules (non roulant) ne peuvent engager la responsabilit\u00e9 du transporteur. Les avaries : pannes, gr\u00e8ve, neige, verglas, \u00e9boulement, gr\u00eale et autres catastrophes naturelles&#8230; sont consid\u00e9r\u00e9s comme \u00e9tant des cas de force majeure.<\/h5>\n<h5><\/h5>\n<\/div>\n<\/section>\n<section class=\"s_text_block o_colored_level pb0 pt0 o_cc o_cc3\" data-snippet=\"s_text_block\" data-name=\"Texte\">\n<div class=\"container s_allow_columns\">\n<h5><strong>ARTICLE 4.<\/strong><\/h5>\n<h5>Les dates de d\u00e9part ou d&rsquo;arriv\u00e9e sont donn\u00e9es au client \u00e0 titre indicatif et n&rsquo;ont aucune valeur contractuelle. En cas de refus des marchandises par le destinataire, comme en cas de d\u00e9faillance du destinataire pour quelque cause que ce soit, les obligations \u00e0 l&rsquo;\u00e9gard du transporteur resteront \u00e0 la charge du donneur d&rsquo;ordre. En cas d&rsquo;avarie ou autres dommages subis par la marchandise, aucun recours ne pourra \u00eatre exerc\u00e9 contre le transporteur si les constatations r\u00e9guli\u00e8res et les r\u00e9serves n&rsquo;ont pas \u00e9t\u00e9 faites par le destinataire ou le r\u00e9ceptionnaire, \u00e0 la r\u00e9ception de la marchandise et confirm\u00e9es par courrier recommand\u00e9 avec A.R. sous 48 heures, le cachet de la poste faisant foi.<\/h5>\n<h5><\/h5>\n<h5><strong>ARTICLE 5.<\/strong><\/h5>\n<h5>Les prestations de transport sont payables au comptant lors de la prise de commande. A titre d\u00e9rogatoire, des d\u00e9lais de paiements peuvent \u00eatre consentis, aucun escompte ne sera accord\u00e9. Dans le cadre de la loi 2006-10 faisant r\u00e9f\u00e9rence \u00e0 l\u2019article L441-6 du Code de Commerce, les d\u00e9lais de paiement ne peuvent en aucun cas d\u00e9passer 30 jours date de facture. Le d\u00e9faut de paiement \u00e0 l\u2019\u00e9ch\u00e9ance entra\u00eenera l&rsquo;application de p\u00e9nalit\u00e9s de retard calcul\u00e9es sur la base du taux REFI de la BCE major\u00e9 de 10 points. Le non-paiement d&rsquo;une facture \u00e0 l&rsquo;\u00e9ch\u00e9ance, entra\u00eene l\u2019exigibilit\u00e9 imm\u00e9diate de la totalit\u00e9 des factures et des transports en cours. Ces p\u00e9nalit\u00e9s s&rsquo;appliqueront d\u00e8s le premier jour franc suivant la date d&rsquo;exigibilit\u00e9 port\u00e9e sur nos factures, sans mise en demeure et sans nuire \u00e0 leur exigibilit\u00e9.<\/h5>\n<h5>Tout retard de r\u00e8glement donnera lieu de plein droit au paiement d\u2019une indemnit\u00e9 forfaitaire pour frais de recouvrement, pr\u00e9vue par l\u2019article L. 441-6 du Code de Commerce et tel que modifi\u00e9 par la loi n\u00b02012-387 du 22 mars 2012 relative \u00e0 la simplification du droit et l\u2019all\u00e8gement des d\u00e9marches administratives, soit actuellement 40\u20ac fix\u00e9 par le d\u00e9cret n\u00b02012-1115 du 2 octobre 2012.<\/h5>\n<h5>Cette indemnit\u00e9 s\u2019ajoute aux p\u00e9nalit\u00e9s de retard qui sont d\u00e9j\u00e0 dues de plein droit en application du m\u00eame article L. 441-6 du Code de Commerce. Dans le cas o\u00f9 les frais de recouvrement expos\u00e9s sont sup\u00e9rieurs au montant de l\u2019indemnit\u00e9, il sera demand\u00e9 une indemnisation compl\u00e9mentaire accompagn\u00e9e d\u2019un justificatif.<\/h5>\n<h5><\/h5>\n<h5><strong>ARTICLE 6.<\/strong><\/h5>\n<h5>En cas de recouvrement, par l\u2019interm\u00e9diaire de notre service contentieux, apr\u00e8s mise en demeure, m\u00eame si l&rsquo;affaire n&rsquo;est pas port\u00e9e devant les tribunaux, les sommes dues seront automatiquement major\u00e9es de la clause p\u00e9nale de 20% avec un minimum de 40\u20ac.<\/h5>\n<h5><\/h5>\n<h5><strong>ARTICLE 7.<\/strong><\/h5>\n<h5>En cas de litige de quelque nature que ce soit, l&rsquo;attribution exclusive de juridiction est faite aupr\u00e8s des tribunaux de Nanterre.<\/h5>\n<\/div>\n<\/section>\n","protected":false},"excerpt":{"rendered":"<p>ARTICLE 1. Tout engagement, exp\u00e9dition ou op\u00e9ration quelconque, sauf conditions particuli\u00e8res, \u00e9crites entre les parties, vaut acceptation des conditions ci-apr\u00e8s<\/p>\n","protected":false},"author":1,"featured_media":0,"parent":0,"menu_order":0,"comment_status":"closed","ping_status":"closed","template":"","meta":{"footnotes":""},"class_list":["post-7126","page","type-page","status-publish","hentry"],"yoast_head":"<!-- This site is optimized with the Yoast SEO plugin v25.1 - https:\/\/yoast.com\/wordpress\/plugins\/seo\/ -->\n<title>Conditions G\u00e9n\u00e9rales de Vente - Top Of The World<\/title>\n<meta name=\"robots\" content=\"index, follow, max-snippet:-1, max-image-preview:large, max-video-preview:-1\" \/>\n<link rel=\"canonical\" href=\"https:\/\/myautoprestige.fr\/index.php\/conditions-generales-de-vente\/\" \/>\n<meta property=\"og:locale\" content=\"fr_FR\" \/>\n<meta property=\"og:type\" content=\"article\" \/>\n<meta property=\"og:title\" content=\"Conditions G\u00e9n\u00e9rales de Vente - Top Of The World\" \/>\n<meta property=\"og:description\" content=\"ARTICLE 1. Tout engagement, exp\u00e9dition ou op\u00e9ration quelconque, sauf conditions particuli\u00e8res, \u00e9crites entre les parties, vaut acceptation des conditions ci-apr\u00e8s\" \/>\n<meta property=\"og:url\" content=\"https:\/\/myautoprestige.fr\/index.php\/conditions-generales-de-vente\/\" \/>\n<meta property=\"og:site_name\" content=\"Top Of The World\" \/>\n<meta name=\"twitter:card\" content=\"summary_large_image\" \/>\n<meta name=\"twitter:label1\" content=\"Dur\u00e9e de lecture estim\u00e9e\" \/>\n\t<meta name=\"twitter:data1\" content=\"4 minutes\" \/>\n<script type=\"application\/ld+json\" class=\"yoast-schema-graph\">{\"@context\":\"https:\/\/schema.org\",\"@graph\":[{\"@type\":\"WebPage\",\"@id\":\"https:\/\/myautoprestige.fr\/index.php\/conditions-generales-de-vente\/\",\"url\":\"https:\/\/myautoprestige.fr\/index.php\/conditions-generales-de-vente\/\",\"name\":\"Conditions G\u00e9n\u00e9rales de Vente - Top Of The World\",\"isPartOf\":{\"@id\":\"https:\/\/myautoprestige.fr\/#website\"},\"datePublished\":\"2025-05-23T13:48:13+00:00\",\"breadcrumb\":{\"@id\":\"https:\/\/myautoprestige.fr\/index.php\/conditions-generales-de-vente\/#breadcrumb\"},\"inLanguage\":\"fr-FR\",\"potentialAction\":[{\"@type\":\"ReadAction\",\"target\":[\"https:\/\/myautoprestige.fr\/index.php\/conditions-generales-de-vente\/\"]}]},{\"@type\":\"BreadcrumbList\",\"@id\":\"https:\/\/myautoprestige.fr\/index.php\/conditions-generales-de-vente\/#breadcrumb\",\"itemListElement\":[{\"@type\":\"ListItem\",\"position\":1,\"name\":\"Accueil\",\"item\":\"https:\/\/myautoprestige.fr\/\"},{\"@type\":\"ListItem\",\"position\":2,\"name\":\"Conditions G\u00e9n\u00e9rales de Vente\"}]},{\"@type\":\"WebSite\",\"@id\":\"https:\/\/myautoprestige.fr\/#website\",\"url\":\"https:\/\/myautoprestige.fr\/\",\"name\":\"Top Of The World\",\"description\":\"\",\"potentialAction\":[{\"@type\":\"SearchAction\",\"target\":{\"@type\":\"EntryPoint\",\"urlTemplate\":\"https:\/\/myautoprestige.fr\/?s={search_term_string}\"},\"query-input\":{\"@type\":\"PropertyValueSpecification\",\"valueRequired\":true,\"valueName\":\"search_term_string\"}}],\"inLanguage\":\"fr-FR\"}]}<\/script>\n<!-- \/ Yoast SEO plugin. -->","yoast_head_json":{"title":"Conditions G\u00e9n\u00e9rales de Vente - Top Of The World","robots":{"index":"index","follow":"follow","max-snippet":"max-snippet:-1","max-image-preview":"max-image-preview:large","max-video-preview":"max-video-preview:-1"},"canonical":"https:\/\/myautoprestige.fr\/index.php\/conditions-generales-de-vente\/","og_locale":"fr_FR","og_type":"article","og_title":"Conditions G\u00e9n\u00e9rales de Vente - Top Of The World","og_description":"ARTICLE 1. Tout engagement, exp\u00e9dition ou op\u00e9ration quelconque, sauf conditions particuli\u00e8res, \u00e9crites entre les parties, vaut acceptation des conditions ci-apr\u00e8s","og_url":"https:\/\/myautoprestige.fr\/index.php\/conditions-generales-de-vente\/","og_site_name":"Top Of The World","twitter_card":"summary_large_image","twitter_misc":{"Dur\u00e9e de lecture estim\u00e9e":"4 minutes"},"schema":{"@context":"https:\/\/schema.org","@graph":[{"@type":"WebPage","@id":"https:\/\/myautoprestige.fr\/index.php\/conditions-generales-de-vente\/","url":"https:\/\/myautoprestige.fr\/index.php\/conditions-generales-de-vente\/","name":"Conditions G\u00e9n\u00e9rales de Vente - Top Of The World","isPartOf":{"@id":"https:\/\/myautoprestige.fr\/#website"},"datePublished":"2025-05-23T13:48:13+00:00","breadcrumb":{"@id":"https:\/\/myautoprestige.fr\/index.php\/conditions-generales-de-vente\/#breadcrumb"},"inLanguage":"fr-FR","potentialAction":[{"@type":"ReadAction","target":["https:\/\/myautoprestige.fr\/index.php\/conditions-generales-de-vente\/"]}]},{"@type":"BreadcrumbList","@id":"https:\/\/myautoprestige.fr\/index.php\/conditions-generales-de-vente\/#breadcrumb","itemListElement":[{"@type":"ListItem","position":1,"name":"Accueil","item":"https:\/\/myautoprestige.fr\/"},{"@type":"ListItem","position":2,"name":"Conditions G\u00e9n\u00e9rales de Vente"}]},{"@type":"WebSite","@id":"https:\/\/myautoprestige.fr\/#website","url":"https:\/\/myautoprestige.fr\/","name":"Top Of The World","description":"","potentialAction":[{"@type":"SearchAction","target":{"@type":"EntryPoint","urlTemplate":"https:\/\/myautoprestige.fr\/?s={search_term_string}"},"query-input":{"@type":"PropertyValueSpecification","valueRequired":true,"valueName":"search_term_string"}}],"inLanguage":"fr-FR"}]}},"_links":{"self":[{"href":"https:\/\/myautoprestige.fr\/index.php\/wp-json\/wp\/v2\/pages\/7126","targetHints":{"allow":["GET"]}}],"collection":[{"href":"https:\/\/myautoprestige.fr\/index.php\/wp-json\/wp\/v2\/pages"}],"about":[{"href":"https:\/\/myautoprestige.fr\/index.php\/wp-json\/wp\/v2\/types\/page"}],"author":[{"embeddable":true,"href":"https:\/\/myautoprestige.fr\/index.php\/wp-json\/wp\/v2\/users\/1"}],"replies":[{"embeddable":true,"href":"https:\/\/myautoprestige.fr\/index.php\/wp-json\/wp\/v2\/comments?post=7126"}],"version-history":[{"count":1,"href":"https:\/\/myautoprestige.fr\/index.php\/wp-json\/wp\/v2\/pages\/7126\/revisions"}],"predecessor-version":[{"id":7127,"href":"https:\/\/myautoprestige.fr\/index.php\/wp-json\/wp\/v2\/pages\/7126\/revisions\/7127"}],"wp:attachment":[{"href":"https:\/\/myautoprestige.fr\/index.php\/wp-json\/wp\/v2\/media?parent=7126"}],"curies":[{"name":"wp","href":"https:\/\/api.w.org\/{rel}","templated":true}]}}