{"id":7104,"date":"2025-05-23T13:19:15","date_gmt":"2025-05-23T13:19:15","guid":{"rendered":"https:\/\/myautoprestige.fr\/?page_id=7104"},"modified":"2025-05-24T16:11:45","modified_gmt":"2025-05-24T16:11:45","slug":"demande-de-devis","status":"publish","type":"page","link":"https:\/\/myautoprestige.fr\/index.php\/demande-de-devis\/","title":{"rendered":"Demande de devis"},"content":{"rendered":"<section class=\"s_text_block o_colored_level pb0 pt24 o_cc o_cc3\" data-snippet=\"s_text_block\" data-name=\"Texte\">\n<div class=\"s_allow_columns container\">\n<h5>Vous aller saisir une demande devis pour le type de mat\u00e9riel souhait\u00e9<\/h5>\n<\/div>\n<\/section>\n<section class=\"s_text_block o_colored_level pb0 pt0 o_cc o_cc3\" data-snippet=\"s_text_block\" data-name=\"Texte\">\n<div class=\"s_allow_columns container\">\n<h2>Choix des crit\u00e8res de recherche<\/h2>\n<\/div>\n<\/section>\n<h5><strong>\n<div class=\"wpcf7 no-js\" id=\"wpcf7-f7103-o1\" lang=\"fr-FR\" dir=\"ltr\" data-wpcf7-id=\"7103\">\n<div class=\"screen-reader-response\"><p role=\"status\" aria-live=\"polite\" aria-atomic=\"true\"><\/p> <ul><\/ul><\/div>\n<form action=\"\/index.php\/wp-json\/wp\/v2\/pages\/7104#wpcf7-f7103-o1\" method=\"post\" class=\"wpcf7-form init\" aria-label=\"Formulaire de contact\" enctype=\"multipart\/form-data\" novalidate=\"novalidate\" data-status=\"init\">\n<div style=\"display: none;\">\n<input type=\"hidden\" name=\"_wpcf7\" value=\"7103\" \/>\n<input type=\"hidden\" name=\"_wpcf7_version\" value=\"6.0.6\" \/>\n<input type=\"hidden\" name=\"_wpcf7_locale\" value=\"fr_FR\" \/>\n<input type=\"hidden\" name=\"_wpcf7_unit_tag\" value=\"wpcf7-f7103-o1\" \/>\n<input type=\"hidden\" name=\"_wpcf7_container_post\" value=\"0\" \/>\n<input type=\"hidden\" name=\"_wpcf7_posted_data_hash\" value=\"\" \/>\n<\/div>\n<p><label> Marque<br \/>\n<span class=\"wpcf7-form-control-wrap\" data-name=\"marque\"><input size=\"40\" maxlength=\"400\" class=\"wpcf7-form-control wpcf7-text\" autocomplete=\"marque\" aria-invalid=\"false\" value=\"\" type=\"text\" name=\"marque\" \/><\/span> <\/label>\n<\/p>\n<p><label> Puissance<br \/>\n<span class=\"wpcf7-form-control-wrap\" data-name=\"puissance\"><select class=\"wpcf7-form-control wpcf7-select\" aria-invalid=\"false\" name=\"puissance\"><option value=\"Moins de 80\">Moins de 80<\/option><option value=\"70-100\">70-100<\/option><option value=\"90-120\">90-120<\/option><option value=\"110-140\">110-140<\/option><option value=\"130-160\">130-160<\/option><option value=\"150-200\">150-200<\/option><option value=\"180-250\">180-250<\/option><option value=\"250-300\">250-300<\/option><option value=\"Plus de 300\">Plus de 300<\/option><option value=\"Non renseign\u00e9\">Non renseign\u00e9<\/option><\/select><\/span> <\/label>\n<\/p>\n<p><label> Transmission<br \/>\n<span class=\"wpcf7-form-control-wrap\" data-name=\"transmission\"><select class=\"wpcf7-form-control wpcf7-select\" aria-invalid=\"false\" name=\"transmission\"><option value=\"Non renseign\u00e9\">Non renseign\u00e9<\/option><option value=\"M\u00e9canique\">M\u00e9canique<\/option><option value=\"HI-low (Doubleur)\">HI-low (Doubleur)<\/option><option value=\"Semi-power Shift\">Semi-power Shift<\/option><option value=\"Power shift\">Power shift<\/option><option value=\"Variation continue\">Variation continue<\/option><\/select><\/span> <\/label>\n<\/p>\n<p><label> Equipement<br \/>\n<span class=\"wpcf7-form-control-wrap\" data-name=\"equipement\"><span class=\"wpcf7-form-control wpcf7-checkbox\"><span class=\"wpcf7-list-item first\"><label><input type=\"checkbox\" name=\"equipement[]\" value=\"Rel AV\" \/><span class=\"wpcf7-list-item-label\">Rel AV<\/span><\/label><\/span><span class=\"wpcf7-list-item\"><label><input type=\"checkbox\" name=\"equipement[]\" value=\"PdF AV\" \/><span class=\"wpcf7-list-item-label\">PdF AV<\/span><\/label><\/span><span class=\"wpcf7-list-item\"><label><input type=\"checkbox\" name=\"equipement[]\" value=\"Chargeur\" \/><span class=\"wpcf7-list-item-label\">Chargeur<\/span><\/label><\/span><span class=\"wpcf7-list-item\"><label><input type=\"checkbox\" name=\"equipement[]\" value=\"Arceau\" \/><span class=\"wpcf7-list-item-label\">Arceau<\/span><\/label><\/span><span class=\"wpcf7-list-item\"><label><input type=\"checkbox\" name=\"equipement[]\" value=\"Cabine suspendue\" \/><span class=\"wpcf7-list-item-label\">Cabine suspendue<\/span><\/label><\/span><span class=\"wpcf7-list-item\"><label><input type=\"checkbox\" name=\"equipement[]\" value=\"Frein pneumatique\" \/><span class=\"wpcf7-list-item-label\">Frein pneumatique<\/span><\/label><\/span><span class=\"wpcf7-list-item\"><label><input type=\"checkbox\" name=\"equipement[]\" value=\"GPS\" \/><span class=\"wpcf7-list-item-label\">GPS<\/span><\/label><\/span><span class=\"wpcf7-list-item\"><label><input type=\"checkbox\" name=\"equipement[]\" value=\"Pr\u00e9disposition GPS\" \/><span class=\"wpcf7-list-item-label\">Pr\u00e9disposition GPS<\/span><\/label><\/span><span class=\"wpcf7-list-item\"><label><input type=\"checkbox\" name=\"equipement[]\" value=\"Vitesses rampantes\" \/><span class=\"wpcf7-list-item-label\">Vitesses rampantes<\/span><\/label><\/span><span class=\"wpcf7-list-item\"><label><input type=\"checkbox\" name=\"equipement[]\" value=\"Poste invers\u00e9\" \/><span class=\"wpcf7-list-item-label\">Poste invers\u00e9<\/span><\/label><\/span><span class=\"wpcf7-list-item last\"><label><input type=\"checkbox\" name=\"equipement[]\" value=\"Pont avant suspendu\" \/><span class=\"wpcf7-list-item-label\">Pont avant suspendu<\/span><\/label><\/span><\/span><\/span> <\/label>\n<\/p>\n<p><label> Votre e-mail<br \/>\n<span class=\"wpcf7-form-control-wrap\" data-name=\"your-email\"><input size=\"40\" maxlength=\"400\" class=\"wpcf7-form-control wpcf7-email wpcf7-validates-as-required wpcf7-text wpcf7-validates-as-email\" autocomplete=\"email\" aria-required=\"true\" aria-invalid=\"false\" value=\"\" type=\"email\" name=\"your-email\" \/><\/span> <\/label>\n<\/p>\n<p><label> Votre nom<br \/>\n<span class=\"wpcf7-form-control-wrap\" data-name=\"nom\"><input size=\"40\" maxlength=\"400\" class=\"wpcf7-form-control wpcf7-text wpcf7-validates-as-required\" autocomplete=\"nom\" aria-required=\"true\" aria-invalid=\"false\" value=\"\" type=\"text\" name=\"nom\" \/><\/span> <\/label>\n<\/p>\n<p><label> Raison sociale<br \/>\n<span class=\"wpcf7-form-control-wrap\" data-name=\"raison-sociale\"><input size=\"40\" maxlength=\"400\" class=\"wpcf7-form-control wpcf7-text\" autocomplete=\"raison\" aria-invalid=\"false\" value=\"\" type=\"text\" name=\"raison-sociale\" \/><\/span> <\/label>\n<\/p>\n<p><label> Adresse<br \/>\n<span class=\"wpcf7-form-control-wrap\" data-name=\"adresse\"><input size=\"40\" maxlength=\"400\" class=\"wpcf7-form-control wpcf7-text wpcf7-validates-as-required\" aria-required=\"true\" aria-invalid=\"false\" value=\"\" type=\"text\" name=\"adresse\" \/><\/span> <\/label>\n<\/p>\n<p><label> T\u00e9l\u00e9phone<br \/>\n<span class=\"wpcf7-form-control-wrap\" data-name=\"telephone\"><input size=\"40\" maxlength=\"400\" class=\"wpcf7-form-control wpcf7-text wpcf7-validates-as-required\" aria-required=\"true\" aria-invalid=\"false\" value=\"\" type=\"text\" name=\"telephone\" \/><\/span> <\/label>\n<\/p>\n<p><label> Pi\u00e8ces jointes<br \/>\n<span class=\"wpcf7-form-control-wrap\" data-name=\"piece-jointe\"><input size=\"40\" class=\"wpcf7-form-control wpcf7-file\" accept=\"audio\/*,video\/*,image\/*\" aria-invalid=\"false\" type=\"file\" name=\"piece-jointe\" \/><\/span> <\/label>\n<\/p>\n<p><label> Sujet<br \/>\n<span class=\"wpcf7-form-control-wrap\" data-name=\"sujet\"><input size=\"40\" maxlength=\"400\" class=\"wpcf7-form-control wpcf7-text\" aria-invalid=\"false\" value=\"\" type=\"text\" name=\"sujet\" \/><\/span> <\/label>\n<\/p>\n<p><label> Votre message (facultatif)<br \/>\n<span class=\"wpcf7-form-control-wrap\" data-name=\"your-message\"><textarea cols=\"40\" rows=\"10\" maxlength=\"2000\" class=\"wpcf7-form-control wpcf7-textarea\" aria-invalid=\"false\" name=\"your-message\"><\/textarea><\/span> <\/label>\n<\/p>\n<p><input class=\"wpcf7-form-control wpcf7-submit has-spinner\" type=\"submit\" value=\"Soumettre\" \/>\n<\/p><div class=\"wpcf7-response-output\" aria-hidden=\"true\"><\/div>\n<\/form>\n<\/div>\n<\/strong><\/h5>\n<h5><\/h5>\n<h5>Transport de voiture<\/h5>\n<h5>Un\u00a0<strong>d\u00e9m\u00e9nagement<\/strong>\u00a0dans une autre r\u00e9gion, l\u2019<strong>achat<\/strong>\u00a0d\u2019un nouveau v\u00e9hicule\u00a0<strong>loin de chez vous<\/strong>, un achat de nouveau v\u00e9hicule chez nous, un v\u00e9hicule en panne\u00a0<b>\u00e0 faire rapatrier<\/b>, une voiture\u00a0<strong>trop ancienne<\/strong>\u00a0pour faire le trajet\u2026\u00a0<strong>Quelle que soit votre situation<\/strong>,\u00a0<b>AUTO-PRESTIGE<\/b>\u00a0 r\u00e9pond \u00e0 votre\u00a0<strong>besoin de transport de voiture.<\/strong><\/h5>\n<h5>Sp\u00e9cialiste du transport de voiture en France<\/h5>\n<h5>Transporteur de voiture en France,\u00a0<b>AUTO-PRESTIGE<\/b>\u00a0vous proposent une\u00a0<strong>solution adapt\u00e9e<\/strong>\u00a0quel que soit votre besoin de transport.<\/h5>\n<h5>Nous assurons le transport de votre voiture<strong>\u00a0au d\u00e9part de votre domicile ou lors d&rsquo;un achat de v\u00e9hicule chez nous, ou tout autre lieu<\/strong>\u00a0et la livrons sur le lieu souhait\u00e9 (domicile, travail, garage, etc).<\/h5>\n<h5><strong>Transport de voiture pour particulier<\/strong><\/h5>\n<h5>Qu\u2019elle soit neuve, ou d\u2019occasion,\u00a0en panne ou accident\u00e9e\u00a0nous assurons le\u00a0<strong>transport de voiture<\/strong>\u00a0pour particulier sur toute la France et\u00a0les pays limitrophes. Nous disposons d\u2019une flotte de\u00a0<strong>15 camions porte voitures<\/strong>\u00a0pour enlever et acheminer votre voiture sur le lieu de livraison souhait\u00e9.<\/h5>\n<h5>Forts de plusieurs\u00a0ann\u00e9es d\u2019expertise dans le\u00a0<strong>transport de v\u00e9hicules<\/strong>, nous avons d\u00e9velopp\u00e9 des prestations de qualit\u00e9 sur-mesure pour le transport de citadine, berline, SUV, 4\u00d74,\u00a0voiture de collection, \u2026<\/h5>\n<h5><strong>Tarif transport de voiture par camion<\/strong><\/h5>\n<h5>Gr\u00e2ce au transport par groupage nous vous proposons des tarifs comp\u00e9titifs. Pour conna\u00eetre le tarif d\u2019un transport de voiture par camion vous pouvez nous contacter pour obtenir un tarif\u00a0pr\u00e9cis.\u00a0Vous pourrez demander un devis personnalis\u00e9. Vous le recevrez par email sous un\u00a0<strong>d\u00e9lai maximum de 24h ouvr\u00e9es.\u00a0<\/strong><img \/><\/h5>\n<h5><strong>Pourquoi faire appel \u00e0 un transporteur de voiture professionnel ?<\/strong><\/h5>\n<h5>En choisissant\u00a0\u00a0<b>AUTO-PRESTIGE<\/b>, vous d\u00e9cidez de faire appel \u00e0 un expert du transport de v\u00e9hicules. Ainsi vous b\u00e9n\u00e9ficiez d\u2019un\u00a0<strong>service de haute qualit\u00e9 \u00e0 prix comp\u00e9titifs<\/strong>\u00a0pour faire livrer une voiture :<\/h5>\n<ol>\n<li>\n<h5><strong>Transport de voiture sur-mesure :\u00a0<\/strong>nous effectuons le transport de votre v\u00e9hicule partout en France et pays limitrophes, quel que soit le mod\u00e8le, le type ou l\u2019\u00e9tat de votre v\u00e9hicule.<\/h5>\n<\/li>\n<li>\n<h5><strong>Prise en charge soign\u00e9e\u00a0<\/strong>de votre voiture jusqu\u2019\u00e0 sa livraison : nous sommes enti\u00e8rement garants de votre voiture de sa prise en charge, jusqu\u2019\u00e0 sa livraison.<\/h5>\n<\/li>\n<li>\n<h5><strong>Un tarif juste\u00a0<\/strong>: Faire appel \u00e0 un expert du transport ne signifie pas payer plus cher. Notre savoir-faire et notre expertise nous permettent de vous proposer des tarifs tr\u00e8s comp\u00e9titifs, tout en vous garantissant une prestation de haute qualit\u00e9.<\/h5>\n<\/li>\n<li>\n<h5><strong>Un paiement facilit\u00e9 et s\u00e9curis\u00e9<\/strong>: pour vous assurer une rapidit\u00e9 de transaction, apr\u00e8s r\u00e9ception du devis vous pouvez r\u00e9gler directement votre commande par virement bancaire.<\/h5>\n<\/li>\n<li>\n<h5><strong>Un d\u00e9lai de livraison de voiture optimal\u00a0<\/strong>: nous assurons le transport et la livraison de votre voiture dans un d\u00e9lai moyen de 5 \u00e0 15 jours ouvr\u00e9s, selon la p\u00e9riode.<\/h5>\n<\/li>\n<\/ol>\n<h5><strong>Comment se passe un transport de voiture par camion ?<\/strong><\/h5>\n<h5>\u00a0<b>AUTO-PRESTIGE<\/b>\u00a0disposent de leur propre flotte de plus de 9\u00a0camions.<\/h5>\n<h5>Nous effectuons le\u00a0<strong>transport de votre voiture de porte \u00e0 porte<\/strong>. C\u2019est-\u00e0-dire que nous allons r\u00e9cup\u00e9rer votre v\u00e9hicule sur le lieu indiqu\u00e9 dans votre demande de devis, et le d\u00e9posons sur le lieu d\u2019arriv\u00e9e que vous nous avez \u00e9galement pr\u00e9cis\u00e9, tant que cela est possible (longueur du convoi).<\/h5>\n<h5>Comme vous pouvez le visualiser sur la vid\u00e9o, le\u00a0<strong>chargement de votre voiture sur le plateau du camion est fait m\u00e9ticuleusement<\/strong>\u00a0par nos conducteurs, form\u00e9s sp\u00e9cialement au transport de v\u00e9hicules. Ils agissent avec passion et grande pr\u00e9cision.<\/h5>\n<h5>Nous proposons du\u00a0<strong>transport par groupage<\/strong>, c\u2019est-\u00e0-dire que plusieurs v\u00e9hicules, jusqu\u2019\u00e0 11 en fonction du type de v\u00e9hicule, sont regroup\u00e9s sur un m\u00eame camion. Votre voiture ne voyage donc pas seule et vous b\u00e9n\u00e9ficiez d\u2019un prix adapt\u00e9 pour faire transporter votre voiture.<\/h5>\n<h5><img \/>Transport de voiture de collection et prestige<img \/>\u00a0Transport de voiture en panne<\/h5>\n<h5><strong>Livraison de voiture en France et en Europe<\/strong><\/h5>\n<h5>Nous pouvons transporter tous types de voitures ou v\u00e9hicules l\u00e9gers, qu\u2019ils soient\u00a0<strong>en panne<\/strong>,\u00a0<strong>roulants<\/strong>\u00a0ou\u00a0<strong>accident\u00e9s<\/strong>. Nous transportons \u00e9galement des\u00a0<strong>voitures de collection<\/strong>, de luxe et de prestige, mais aussi des\u00a0v\u00e9hicules utilitaires\u00a0ou bien des\u00a0camping-cars. Nous pouvons \u00e9galement effectuer le\u00a0transport de voiture en Europe, dans les pays limitrophes \u00e0 la France (Allemagne, Espagne, Italie, \u2026).<\/h5>\n","protected":false},"excerpt":{"rendered":"<p>Vous aller saisir une demande devis pour le type de mat\u00e9riel souhait\u00e9 Choix des crit\u00e8res de recherche Transport de voiture<\/p>\n","protected":false},"author":1,"featured_media":0,"parent":0,"menu_order":0,"comment_status":"closed","ping_status":"closed","template":"","meta":{"footnotes":""},"class_list":["post-7104","page","type-page","status-publish","hentry"],"yoast_head":"<!-- This site is optimized with the Yoast SEO plugin v25.1 - https:\/\/yoast.com\/wordpress\/plugins\/seo\/ -->\n<title>Demande de devis - Top Of The World<\/title>\n<meta name=\"robots\" content=\"index, follow, max-snippet:-1, max-image-preview:large, max-video-preview:-1\" \/>\n<link rel=\"canonical\" href=\"https:\/\/myautoprestige.fr\/index.php\/demande-de-devis\/\" \/>\n<meta property=\"og:locale\" content=\"fr_FR\" \/>\n<meta property=\"og:type\" content=\"article\" \/>\n<meta property=\"og:title\" content=\"Demande de devis - Top Of The World\" \/>\n<meta property=\"og:description\" content=\"Vous aller saisir une demande devis pour le type de mat\u00e9riel souhait\u00e9 Choix des crit\u00e8res de recherche Transport de voiture\" \/>\n<meta property=\"og:url\" content=\"https:\/\/myautoprestige.fr\/index.php\/demande-de-devis\/\" \/>\n<meta property=\"og:site_name\" content=\"Top Of The World\" \/>\n<meta property=\"article:modified_time\" content=\"2025-05-24T16:11:45+00:00\" \/>\n<meta name=\"twitter:card\" content=\"summary_large_image\" \/>\n<meta name=\"twitter:label1\" content=\"Dur\u00e9e de lecture estim\u00e9e\" \/>\n\t<meta name=\"twitter:data1\" content=\"5 minutes\" \/>\n<script type=\"application\/ld+json\" class=\"yoast-schema-graph\">{\"@context\":\"https:\/\/schema.org\",\"@graph\":[{\"@type\":\"WebPage\",\"@id\":\"https:\/\/myautoprestige.fr\/index.php\/demande-de-devis\/\",\"url\":\"https:\/\/myautoprestige.fr\/index.php\/demande-de-devis\/\",\"name\":\"Demande de devis - Top Of The World\",\"isPartOf\":{\"@id\":\"https:\/\/myautoprestige.fr\/#website\"},\"datePublished\":\"2025-05-23T13:19:15+00:00\",\"dateModified\":\"2025-05-24T16:11:45+00:00\",\"breadcrumb\":{\"@id\":\"https:\/\/myautoprestige.fr\/index.php\/demande-de-devis\/#breadcrumb\"},\"inLanguage\":\"fr-FR\",\"potentialAction\":[{\"@type\":\"ReadAction\",\"target\":[\"https:\/\/myautoprestige.fr\/index.php\/demande-de-devis\/\"]}]},{\"@type\":\"BreadcrumbList\",\"@id\":\"https:\/\/myautoprestige.fr\/index.php\/demande-de-devis\/#breadcrumb\",\"itemListElement\":[{\"@type\":\"ListItem\",\"position\":1,\"name\":\"Accueil\",\"item\":\"https:\/\/myautoprestige.fr\/\"},{\"@type\":\"ListItem\",\"position\":2,\"name\":\"Demande de devis\"}]},{\"@type\":\"WebSite\",\"@id\":\"https:\/\/myautoprestige.fr\/#website\",\"url\":\"https:\/\/myautoprestige.fr\/\",\"name\":\"Top Of The World\",\"description\":\"\",\"potentialAction\":[{\"@type\":\"SearchAction\",\"target\":{\"@type\":\"EntryPoint\",\"urlTemplate\":\"https:\/\/myautoprestige.fr\/?s={search_term_string}\"},\"query-input\":{\"@type\":\"PropertyValueSpecification\",\"valueRequired\":true,\"valueName\":\"search_term_string\"}}],\"inLanguage\":\"fr-FR\"}]}<\/script>\n<!-- \/ Yoast SEO plugin. -->","yoast_head_json":{"title":"Demande de devis - Top Of The World","robots":{"index":"index","follow":"follow","max-snippet":"max-snippet:-1","max-image-preview":"max-image-preview:large","max-video-preview":"max-video-preview:-1"},"canonical":"https:\/\/myautoprestige.fr\/index.php\/demande-de-devis\/","og_locale":"fr_FR","og_type":"article","og_title":"Demande de devis - Top Of The World","og_description":"Vous aller saisir une demande devis pour le type de mat\u00e9riel souhait\u00e9 Choix des crit\u00e8res de recherche Transport de voiture","og_url":"https:\/\/myautoprestige.fr\/index.php\/demande-de-devis\/","og_site_name":"Top Of The World","article_modified_time":"2025-05-24T16:11:45+00:00","twitter_card":"summary_large_image","twitter_misc":{"Dur\u00e9e de lecture estim\u00e9e":"5 minutes"},"schema":{"@context":"https:\/\/schema.org","@graph":[{"@type":"WebPage","@id":"https:\/\/myautoprestige.fr\/index.php\/demande-de-devis\/","url":"https:\/\/myautoprestige.fr\/index.php\/demande-de-devis\/","name":"Demande de devis - Top Of The World","isPartOf":{"@id":"https:\/\/myautoprestige.fr\/#website"},"datePublished":"2025-05-23T13:19:15+00:00","dateModified":"2025-05-24T16:11:45+00:00","breadcrumb":{"@id":"https:\/\/myautoprestige.fr\/index.php\/demande-de-devis\/#breadcrumb"},"inLanguage":"fr-FR","potentialAction":[{"@type":"ReadAction","target":["https:\/\/myautoprestige.fr\/index.php\/demande-de-devis\/"]}]},{"@type":"BreadcrumbList","@id":"https:\/\/myautoprestige.fr\/index.php\/demande-de-devis\/#breadcrumb","itemListElement":[{"@type":"ListItem","position":1,"name":"Accueil","item":"https:\/\/myautoprestige.fr\/"},{"@type":"ListItem","position":2,"name":"Demande de devis"}]},{"@type":"WebSite","@id":"https:\/\/myautoprestige.fr\/#website","url":"https:\/\/myautoprestige.fr\/","name":"Top Of The World","description":"","potentialAction":[{"@type":"SearchAction","target":{"@type":"EntryPoint","urlTemplate":"https:\/\/myautoprestige.fr\/?s={search_term_string}"},"query-input":{"@type":"PropertyValueSpecification","valueRequired":true,"valueName":"search_term_string"}}],"inLanguage":"fr-FR"}]}},"_links":{"self":[{"href":"https:\/\/myautoprestige.fr\/index.php\/wp-json\/wp\/v2\/pages\/7104","targetHints":{"allow":["GET"]}}],"collection":[{"href":"https:\/\/myautoprestige.fr\/index.php\/wp-json\/wp\/v2\/pages"}],"about":[{"href":"https:\/\/myautoprestige.fr\/index.php\/wp-json\/wp\/v2\/types\/page"}],"author":[{"embeddable":true,"href":"https:\/\/myautoprestige.fr\/index.php\/wp-json\/wp\/v2\/users\/1"}],"replies":[{"embeddable":true,"href":"https:\/\/myautoprestige.fr\/index.php\/wp-json\/wp\/v2\/comments?post=7104"}],"version-history":[{"count":6,"href":"https:\/\/myautoprestige.fr\/index.php\/wp-json\/wp\/v2\/pages\/7104\/revisions"}],"predecessor-version":[{"id":7189,"href":"https:\/\/myautoprestige.fr\/index.php\/wp-json\/wp\/v2\/pages\/7104\/revisions\/7189"}],"wp:attachment":[{"href":"https:\/\/myautoprestige.fr\/index.php\/wp-json\/wp\/v2\/media?parent=7104"}],"curies":[{"name":"wp","href":"https:\/\/api.w.org\/{rel}","templated":true}]}}